{"id":14,"date":"2023-01-26T19:54:36","date_gmt":"2023-01-26T18:54:36","guid":{"rendered":"https:\/\/formula-event.com\/de\/?page_id=14"},"modified":"2023-10-16T21:10:52","modified_gmt":"2023-10-16T19:10:52","slug":"rene-wolff","status":"publish","type":"page","link":"https:\/\/formula-event.com\/de\/rene-wolff\/","title":{"rendered":"\u00dcber uns"},"content":{"rendered":"<section class=\"l-section wpb_row height_small\"><div class=\"l-section-h i-cf\"><div class=\"g-cols vc_row via_grid cols_1 laptops-cols_inherit tablets-cols_inherit mobiles-cols_1 valign_top type_default stacking_default\"><div class=\"wpb_column vc_column_container\"><div class=\"vc_column-inner\"><h1 class=\"w-post-elm post_title entry-title color_link_inherit\">\u00dcber uns<\/h1><div class=\"w-separator size_small\"><\/div><div class=\"g-cols wpb_row via_grid cols_2 laptops-cols_inherit tablets-cols_inherit mobiles-cols_1 valign_top type_default stacking_default\" style=\"--columns-gap:3rem;\"><div class=\"wpb_column vc_column_container\"><div class=\"vc_column-inner\"><div class=\"w-image align_none meta_modern\"><div class=\"w-image-h\"><img decoding=\"async\" width=\"1160\" height=\"717\" src=\"https:\/\/formula-event.com\/de\/wp-content\/uploads\/rene-wolff.jpg\" class=\"attachment-large size-large\" alt=\"Ren\u00e9 Wolff (Rennfahrer, Coach, Instruktor)\" loading=\"lazy\" srcset=\"https:\/\/formula-event.com\/de\/wp-content\/uploads\/rene-wolff.jpg 1267w, https:\/\/formula-event.com\/de\/wp-content\/uploads\/rene-wolff-1024x633.jpg 1024w\" sizes=\"auto, (max-width: 1160px) 100vw, 1160px\" \/><div class=\"w-image-meta\"><div class=\"w-image-title\">Ren\u00e9 Wolff<\/div><div class=\"w-image-description\">Rennfahrer, Coach, Instruktor<\/div><\/div><\/div><\/div><\/div><\/div><div class=\"wpb_column vc_column_container\"><div class=\"vc_column-inner\"><div class=\"wpb_text_column\"><div class=\"wpb_wrapper\"><p><strong>Ren\u00e9 Wolff<\/strong> ist geb\u00fcrtiger Els\u00e4sser und lebt seit \u00fcber 35 Jahren in K\u00f6ln.<br \/>\nSeine Leidenschaft f\u00fcr den Motorsport und speziell die Formel 1 begann bereits in seine jungen Jahren.<\/p>\n<p><strong>1988<\/strong> gr\u00fcndete er die erste Agentur mit einem Angebot der Superlative:<br \/>\nEinen Formel 1 selber zu pilotieren. F\u00fcr Jedermann-\/Frau, ohne Vorkenntnisse.<br \/>\nDie <strong>Formula Event<\/strong> ist heute noch mit ihren Events und Rennwagen-Programme ein Geheimtipp f\u00fcr alle Speed Junkies.<\/p>\n<p>Nebenbei und als Amateur konnte Ren\u00e9 Wolff den Gesamtsieg in der VLN auf der Nordschleife f\u00fcr sich entscheiden. So wurde er 2004 <strong>VLN-Champion \/<\/strong> <strong>Langstreckenmeister N\u00fcrburgring Nordschleife<\/strong>. Somit ist er auch Ihr Spezialist wenn es hei\u00dft das Abenteuer N\u00fcrburgring Nordschleife zu wagen.<\/p>\n<p>Seine Motivation entstand aus seiner Leidenschaft f\u00fcr den Motorsport und f\u00fcr diese au\u00dfergew\u00f6hnliche, sehr anspruchsvolle und weltweit einzigartige Rennstrecke, die er zusammen mit <strong>James Hunt<\/strong>, dem F1-Weltmeister, entdeckt hatte.<\/p>\n<\/div><\/div><\/div><\/div><\/div><div class=\"w-separator size_large\"><\/div><\/div><\/div><\/div><\/div><\/section>\n","protected":false},"excerpt":{"rendered":"\u00dcber unsRen\u00e9 WolffRennfahrer, Coach, InstruktorRen\u00e9 Wolff ist geb\u00fcrtiger Els\u00e4sser und lebt seit \u00fcber 35 Jahren in K\u00f6ln. Seine Leidenschaft f\u00fcr den Motorsport und speziell die Formel 1 begann bereits in seine jungen Jahren. 1988 gr\u00fcndete er die erste Agentur mit einem Angebot der Superlative: Einen Formel 1 selber zu pilotieren. F\u00fcr Jedermann-\/Frau, ohne Vorkenntnisse. Die...","protected":false},"author":3,"featured_media":0,"parent":0,"menu_order":0,"comment_status":"closed","ping_status":"closed","template":"","meta":{"footnotes":""},"class_list":["post-14","page","type-page","status-publish","hentry"],"_links":{"self":[{"href":"https:\/\/formula-event.com\/de\/wp-json\/wp\/v2\/pages\/14","targetHints":{"allow":["GET"]}}],"collection":[{"href":"https:\/\/formula-event.com\/de\/wp-json\/wp\/v2\/pages"}],"about":[{"href":"https:\/\/formula-event.com\/de\/wp-json\/wp\/v2\/types\/page"}],"author":[{"embeddable":true,"href":"https:\/\/formula-event.com\/de\/wp-json\/wp\/v2\/users\/3"}],"replies":[{"embeddable":true,"href":"https:\/\/formula-event.com\/de\/wp-json\/wp\/v2\/comments?post=14"}],"version-history":[{"count":44,"href":"https:\/\/formula-event.com\/de\/wp-json\/wp\/v2\/pages\/14\/revisions"}],"predecessor-version":[{"id":592,"href":"https:\/\/formula-event.com\/de\/wp-json\/wp\/v2\/pages\/14\/revisions\/592"}],"wp:attachment":[{"href":"https:\/\/formula-event.com\/de\/wp-json\/wp\/v2\/media?parent=14"}],"curies":[{"name":"wp","href":"https:\/\/api.w.org\/{rel}","templated":true}]}}