{"id":2,"date":"2023-01-26T19:31:59","date_gmt":"2023-01-26T18:31:59","guid":{"rendered":"http:\/\/formula-event.com\/de\/?page_id=2"},"modified":"2025-11-21T18:34:45","modified_gmt":"2025-11-21T17:34:45","slug":"startseite","status":"publish","type":"page","link":"https:\/\/formula-event.com\/de\/","title":{"rendered":"Startseite"},"content":{"rendered":"<section class=\"l-section wpb_row us_custom_0bd7e7a8 height_auto width_full\"><div class=\"l-section-h i-cf\"><div class=\"g-cols vc_row via_grid cols_1 laptops-cols_inherit tablets-cols_inherit mobiles-cols_1 valign_top type_default stacking_default\"><div class=\"wpb_column vc_column_container\"><div class=\"vc_column-inner\">[layerslider_vc id=&#8220;4&#8243;]<div class=\"w-separator size_medium\"><\/div><div class=\"wpb_text_column\"><div class=\"wpb_wrapper\"><h3 style=\"text-align: center;\">F\u00fcr jeden &#8211; Frau oder Mann, ganz ohne Vorkenntnisse.<br \/>\n<span style=\"font-family: 'Open Sans Bold';\">Einsteigen, Gurte anlegen, starten, <span style=\"white-space: nowrap;\">Gas geben.<\/span><br \/>\n<span style=\"font-family: 'Open Sans Bold';\">Du bestimmst das Tempo &#8211; das Gl\u00fccksgef\u00fchl kommt von ganz allein!<br \/>\n<\/span><span style=\"font-family: 'Open Sans';\">Im 7. Gang \u00fcber 300 km\/h<\/span><\/span><\/h3>\n<\/div><\/div><\/div><\/div><\/div><\/div><\/section><section class=\"l-section wpb_row height_small\"><div class=\"l-section-h i-cf\"><div class=\"g-cols vc_row via_grid cols_1 laptops-cols_inherit tablets-cols_inherit mobiles-cols_1 valign_top type_default stacking_default\"><div class=\"wpb_column vc_column_container\"><div class=\"vc_column-inner\"><div class=\"w-separator size_small\"><\/div><div class=\"wpb_text_column\"><div class=\"wpb_wrapper\"><div style=\"width: 1160px;\" class=\"wp-video\"><video class=\"wp-video-shortcode\" id=\"video-2-1\" width=\"1160\" height=\"653\" poster=\"https:\/\/formula-event.com\/de\/wp-content\/uploads\/formel1selberfahren-startbild.png\" preload=\"metadata\" controls=\"controls\"><source type=\"video\/mp4\" src=\"https:\/\/formula-event.com\/de\/wp-content\/uploads\/player_export-720.mp4?_=1\" \/><a href=\"https:\/\/formula-event.com\/de\/wp-content\/uploads\/player_export-720.mp4\">https:\/\/formula-event.com\/de\/wp-content\/uploads\/player_export-720.mp4<\/a><\/video><\/div>\n<\/div><\/div><div class=\"w-separator size_medium\"><\/div><div class=\"g-cols wpb_row via_grid cols_1 laptops-cols_inherit tablets-cols_inherit mobiles-cols_1 valign_top type_default stacking_default\" style=\"--columns-gap:3rem;\"><div class=\"wpb_column vc_column_container\"><div class=\"vc_column-inner\"><div class=\"wpb_text_column\"><div class=\"wpb_wrapper\"><div style=\"text-align: center; font-weight: 400; font-size: max( 4rem); line-height: 1.0; font-family: Impact;\">Formula <span style=\"color: #2c4b9b;\">Event<\/span><\/div>\n<\/div><\/div><div class=\"w-separator size_custom\" style=\"height:10px\"><\/div><div class=\"wpb_text_column\"><div class=\"wpb_wrapper\"><h3 style=\"text-align: center;\">Das Original seit 1988<\/h3>\n<\/div><\/div><\/div><\/div><\/div><div class=\"w-separator size_medium with_line width_default thick_1 style_solid color_border align_center\"><div class=\"w-separator-h\"><\/div><\/div><div class=\"g-cols wpb_row via_grid cols_3 laptops-cols_inherit tablets-cols_inherit mobiles-cols_1 valign_top type_default stacking_default\" style=\"--columns-gap:1.4rem;\"><div class=\"wpb_column vc_column_container us_custom_6b7d9e5f\"><div class=\"vc_column-inner\"><div class=\"w-image us_custom_8f2ba1f4 us_animate_this align_none\"><a title=\"Formel 1 selber fahren\" href=\"https:\/\/formula-event.com\/de\/formel-1-selber-fahren\/\" aria-label=\"Williams GS\" class=\"w-image-h\"><img decoding=\"async\" width=\"1024\" height=\"576\" src=\"https:\/\/formula-event.com\/de\/wp-content\/uploads\/Williams-GS_Header_2_16-9-1024x576.jpg\" class=\"attachment-medium size-medium\" alt=\"Williams GS\" loading=\"lazy\" srcset=\"https:\/\/formula-event.com\/de\/wp-content\/uploads\/Williams-GS_Header_2_16-9-1024x576.jpg 1024w, https:\/\/formula-event.com\/de\/wp-content\/uploads\/Williams-GS_Header_2_16-9.jpg 1920w\" sizes=\"auto, (max-width: 1024px) 100vw, 1024px\" \/><\/a><\/div><div class=\"w-separator size_small\"><\/div><div class=\"wpb_text_column us_custom_be67c5f5\"><div class=\"wpb_wrapper\"><h2>Formel 1 selber fahren<\/h2>\n<\/div><\/div><div class=\"w-separator size_medium\"><\/div><div class=\"wpb_text_column us_custom_be67c5f5\"><div class=\"wpb_wrapper\"><h4>Dein schnellster TRAUM!<\/h4>\n<p>Adrenalin pur: Fahre selber einen <strong>originalen Formel-1-Rennwagen\u00a0<\/strong>oder oder genie\u00dfe die Fahrt als Beifahrer im F1-Doppelsitzer bzw. F1-Dreisitzer. Auf <strong>Grand-Prix-Rennstrecken<\/strong>!<\/p>\n<p>F\u00fcr Jedermann\/-frau ganz <strong>ohne Vorkenntnisse<\/strong>. Ein F\u00fchrerschein gen\u00fcgt, eine Rennlizenz ist nicht erforderlich.<\/p>\n<p><strong>Seit 1988<\/strong> bietet <strong>Formula Event<\/strong> dieses\u00a0exklusive F1-Erlebnis an und ist der weltweit erste sowie erfahrenste Anbieter in diesem Bereich.<\/p>\n<dl style=\"margin-top: 48px;\">\n<dt>\n<h4>PREIS:<\/h4>\n<\/dt>\n<dd style=\"text-align: right;\">\n<h4 style=\"text-transform: none;\">Fahrten als Beifahrer ab 390,- \u20ac<br \/>\nbzw&#8230;<br \/>\nSelbst im F1 fahren ab 1.980,- \u20ac<\/h4>\n<\/dd>\n<\/dl>\n<\/div><\/div><\/div><\/div><div class=\"wpb_column vc_column_container us_custom_6b7d9e5f\"><div class=\"vc_column-inner\"><div class=\"w-image us_custom_8f2ba1f4 us_animate_this has_ratio align_none\"><a title=\"Formel Rennfahrerschule\" href=\"https:\/\/formula-event.com\/de\/formel-rennfahrerschule\/\" aria-label=\"Formel Renault 2.0 Rennfahrerschule\" class=\"w-image-h\"><div style=\"padding-bottom:56.25%\"><\/div><img decoding=\"async\" width=\"351\" height=\"201\" src=\"https:\/\/formula-event.com\/de\/wp-content\/uploads\/Formula_event_Rennfahrerschule_Formel_Renault_2.0_Rene_Wolff_HOME.jpg\" class=\"attachment-thumbnail size-thumbnail\" alt=\"Formel Renault 2.0 Rennfahrerschule\" loading=\"lazy\" \/><\/a><\/div><div class=\"w-separator size_small\"><\/div><div class=\"wpb_text_column us_custom_be67c5f5\"><div class=\"wpb_wrapper\"><h2>Formel Rennfahrerschule<\/h2>\n<\/div><\/div><div class=\"w-separator size_medium\"><\/div><div class=\"wpb_text_column us_custom_be67c5f5\"><div class=\"wpb_wrapper\"><h4>Die Geheimnisse der Rennfahrer<\/h4>\n<p data-start=\"116\" data-end=\"272\">Einen modernen Formel-Rennwagen sicher und schnell zu beherrschen bedeutet vor allem eines: purer Fahrspa\u00df!<\/p>\n<p data-start=\"274\" data-end=\"527\">Unsere <strong data-start=\"281\" data-end=\"310\">lizenzierten Instruktoren<\/strong> begleiten dich ein oder zwei Tage lang im <strong data-start=\"353\" data-end=\"365\">Formel 3<\/strong> oder <strong data-start=\"371\" data-end=\"393\">Formel Renault 2.0<\/strong>.<br data-start=\"394\" data-end=\"397\" \/>Mit <strong data-start=\"401\" data-end=\"421\">Lenkradschaltung<\/strong>, <strong data-start=\"423\" data-end=\"433\">215 PS<\/strong> und bis zu <strong data-start=\"445\" data-end=\"457\" data-is-only-node=\"\">260 km\/h<\/strong> Spitzengeschwindigkeit erlebst du echtes, unverf\u00e4lschtes Rennfeeling.<\/p>\n<p data-start=\"529\" data-end=\"645\">Von den ersten Grundlagen bis hin zur professionellen Rennvorbereitung \u2013 willkommen in der <strong data-start=\"620\" data-end=\"645\">Schule der Champions!<\/strong><\/p>\n<p>&nbsp;<\/p>\n<dl>\n<dt>\n<h4>PREIS:<\/h4>\n<\/dt>\n<dd style=\"text-align: right;\">\n<h4 style=\"text-transform: none;\">ab 755,- \u20ac<\/h4>\n<\/dd>\n<\/dl>\n<\/div><\/div><\/div><\/div><div class=\"wpb_column vc_column_container us_custom_6b7d9e5f\"><div class=\"vc_column-inner\"><div class=\"w-image us_custom_8f2ba1f4 us_animate_this has_ratio align_none\"><a title=\"N\u00fcrburgring Nordschleife\" href=\"https:\/\/formula-event.com\/de\/nuerburgring-nordschleife\/\" aria-label=\"N\u00fcrburgring Nordschleife\" class=\"w-image-h\"><div style=\"padding-bottom:56.25%\"><\/div><img decoding=\"async\" width=\"552\" height=\"316\" src=\"https:\/\/formula-event.com\/de\/wp-content\/uploads\/Formula_Event_Nuerburgring_Nuerburgring_Nordschleife_Experience_Coaching_Trainging_Trackday_Rennfahrertraining_Rene_Wolff.jpg\" class=\"attachment-large size-large\" alt=\"N\u00fcrburgring Nordschleife\" loading=\"lazy\" \/><\/a><\/div><div class=\"w-separator size_small\"><\/div><div class=\"wpb_text_column us_custom_be67c5f5\"><div class=\"wpb_wrapper\"><h2>N\u00fcrburgring Nordschleife<\/h2>\n<\/div><\/div><div class=\"w-separator size_medium\"><\/div><div class=\"wpb_text_column us_custom_be67c5f5\"><div class=\"wpb_wrapper\"><h4>GR\u00dcNE H\u00d6LLE<\/h4>\n<p data-start=\"112\" data-end=\"327\">Die <strong>Nordschleife<\/strong> des N\u00fcrburgrings: ein <strong>20,832 km<\/strong> langes Asphaltband mitten durch das Eifelgebirge \u2013<br \/>\nfaszinierend, fordernd und weltweit gef\u00fcrchtet.<\/p>\n<p data-start=\"112\" data-end=\"327\">Kein anderer Kurs <strong>beeindruckt<\/strong> mit so viel Charakter und Geschichte.<\/p>\n<p data-start=\"329\" data-end=\"414\">Erlebe die \u201eGr\u00fcne H\u00f6lle\u201c <strong data-start=\"354\" data-end=\"384\">im Race-Taxi als Passagier<\/strong> \u2013 oder <strong data-start=\"392\" data-end=\"413\">selbst am Lenkrad<\/strong>.<\/p>\n<p><strong>TRAU DICH<\/strong>!<\/p>\n<dl style=\"margin-top: 96px;\">\n<dt>\n<h4>PREIS:<\/h4>\n<\/dt>\n<dd style=\"text-align: right;\">\n<h4 style=\"text-transform: none;\">ab 349,- \u20ac<\/h4>\n<\/dd>\n<\/dl>\n<\/div><\/div><\/div><\/div><\/div><div class=\"w-separator size_large\"><\/div><\/div><\/div><\/div><\/div><\/section><section class=\"l-section wpb_row height_small\"><div class=\"l-section-h i-cf\"><div class=\"g-cols vc_row via_grid cols_1 laptops-cols_inherit tablets-cols_inherit mobiles-cols_1 valign_top type_default stacking_default\"><div class=\"wpb_column vc_column_container\"><div class=\"vc_column-inner\"><div class=\"g-cols wpb_row via_grid cols_2 laptops-cols_inherit tablets-cols_inherit mobiles-cols_1 valign_top type_default stacking_default\" style=\"--columns-gap:3rem;\"><div class=\"wpb_column vc_column_container\"><div class=\"vc_column-inner\"><div class=\"w-separator size_small\"><\/div><div class=\"w-image us_custom_8f2ba1f4 us_animate_this has_ratio align_none\"><a title=\"Firmen Incentives\" href=\"https:\/\/formula-event.com\/de\/firmen-incentives\/\" aria-label=\"Heli + Offshore\" class=\"w-image-h\"><div style=\"padding-bottom:56.25%\"><\/div><img decoding=\"async\" width=\"800\" height=\"576\" src=\"https:\/\/formula-event.com\/de\/wp-content\/uploads\/helioffshore-800x576.jpg\" class=\"attachment-thumbnail size-thumbnail\" alt=\"Helikopter + Offshore\" loading=\"lazy\" \/><\/a><\/div><div class=\"w-separator size_small\"><\/div><\/div><\/div><div class=\"wpb_column vc_column_container\"><div class=\"vc_column-inner\"><div class=\"w-separator size_small\"><\/div><div class=\"wpb_text_column us_custom_9af441a6\"><div class=\"wpb_wrapper\"><h2>Firmen Events \/ Incentives<\/h2>\n<\/div><\/div><div class=\"w-separator size_small\"><\/div><div class=\"wpb_text_column\"><div class=\"wpb_wrapper\"><p>Wenn es um MOTOR, SPORT und ACTION geht ist <strong>Formula Event<\/strong> Ihr <strong>kompetenter Ansprechpartner<\/strong>.<br \/>\nWir bieten eine Vielzahl spannender Programme die wir alle bereits <strong>mehrfach erfolgreich<\/strong> durchgef\u00fchrt haben. Rennwagen selber fahren, Co-Pilot\/Passagier im Rennauto, 24 Stunden Go-Kart-Rennen in Le Mans, Lappland mit einem Schneemobil, Segelregatta an der C\u00f4te d\u2019Azur, Berg Emotionen in den Alpen, Formel 1 in Monaco als VIP, am Steuer eines Off-Road und Allrad Auto in der W\u00fcste.<\/p>\n<p>Jedes dieser <strong>au\u00dfergew\u00f6hnlichen<\/strong> Erlebnisse stimmen wir <strong>individuell<\/strong> auf Ihre W\u00fcnsche und Bed\u00fcrfnisse ab.<\/p>\n<\/div><\/div><\/div><\/div><\/div><\/div><\/div><\/div><\/div><\/section><!-- Row Backgrounds --><div class=\"upb_color\" data-bg-override=\"0\" data-bg-color=\"#f5f5f5\" data-fadeout=\"\" data-fadeout-percentage=\"30\" data-parallax-content=\"\" data-parallax-content-sense=\"30\" data-row-effect-mobile-disable=\"true\" data-img-parallax-mobile-disable=\"true\" data-rtl=\"false\"  data-custom-vc-row=\"\"  data-vc=\"8.5\"  data-is_old_vc=\"\"  data-theme-support=\"\"   data-overlay=\"false\" data-overlay-color=\"\" data-overlay-pattern=\"\" data-overlay-pattern-opacity=\"\" data-overlay-pattern-size=\"\"    ><\/div>\n","protected":false},"excerpt":{"rendered":"[layerslider_vc id=\"4\"]F\u00fcr jeden &#8211; Frau oder Mann, ganz ohne Vorkenntnisse. Einsteigen, Gurte anlegen, starten, Gas geben. Du bestimmst das Tempo &#8211; das Gl\u00fccksgef\u00fchl kommt von ganz allein! Im 7. Gang \u00fcber 300 km\/h https:\/\/formula-event.com\/de\/wp-content\/uploads\/player_export-720.mp4 Formula Event Das Original seit 1988 Formel 1 selber fahren Dein schnellster TRAUM! Adrenalin pur: Fahre selber einen originalen Formel-1-Rennwagen\u00a0oder oder...","protected":false},"author":3,"featured_media":0,"parent":0,"menu_order":0,"comment_status":"closed","ping_status":"closed","template":"","meta":{"footnotes":""},"class_list":["post-2","page","type-page","status-publish","hentry"],"_links":{"self":[{"href":"https:\/\/formula-event.com\/de\/wp-json\/wp\/v2\/pages\/2","targetHints":{"allow":["GET"]}}],"collection":[{"href":"https:\/\/formula-event.com\/de\/wp-json\/wp\/v2\/pages"}],"about":[{"href":"https:\/\/formula-event.com\/de\/wp-json\/wp\/v2\/types\/page"}],"author":[{"embeddable":true,"href":"https:\/\/formula-event.com\/de\/wp-json\/wp\/v2\/users\/3"}],"replies":[{"embeddable":true,"href":"https:\/\/formula-event.com\/de\/wp-json\/wp\/v2\/comments?post=2"}],"version-history":[{"count":149,"href":"https:\/\/formula-event.com\/de\/wp-json\/wp\/v2\/pages\/2\/revisions"}],"predecessor-version":[{"id":761,"href":"https:\/\/formula-event.com\/de\/wp-json\/wp\/v2\/pages\/2\/revisions\/761"}],"wp:attachment":[{"href":"https:\/\/formula-event.com\/de\/wp-json\/wp\/v2\/media?parent=2"}],"curies":[{"name":"wp","href":"https:\/\/api.w.org\/{rel}","templated":true}]}}