{"id":65,"date":"2023-01-26T21:49:34","date_gmt":"2023-01-26T20:49:34","guid":{"rendered":"https:\/\/formula-event.com\/de\/?page_id=65"},"modified":"2025-12-19T17:33:14","modified_gmt":"2025-12-19T16:33:14","slug":"formel-1-selber-fahren","status":"publish","type":"page","link":"https:\/\/formula-event.com\/de\/formel-1-selber-fahren\/","title":{"rendered":"Formel 1 selber fahren"},"content":{"rendered":"<section class=\"l-section wpb_row height_small\"><div class=\"l-section-h i-cf\"><div class=\"g-cols vc_row via_grid cols_1 laptops-cols_inherit tablets-cols_inherit mobiles-cols_1 valign_top type_default stacking_default\"><div class=\"wpb_column vc_column_container\"><div class=\"vc_column-inner\"><div class=\"wpb_text_column\"><div class=\"wpb_wrapper\"><h1>Formel 1 selber fahren<\/h1>\n<\/div><\/div><div class=\"w-separator size_small\"><\/div><div class=\"wpb_text_column\"><div class=\"wpb_wrapper\"><div style=\"width: 1160px;\" class=\"wp-video\"><video class=\"wp-video-shortcode\" id=\"video-65-1\" width=\"1160\" height=\"653\" poster=\"https:\/\/formula-event.com\/de\/wp-content\/uploads\/juergen-jansen-f1-startbild.png\" preload=\"metadata\" controls=\"controls\"><source type=\"video\/mp4\" src=\"https:\/\/formula-event.com\/de\/wp-content\/uploads\/juergen-jansen-f1.mp4?_=1\" \/><a href=\"https:\/\/formula-event.com\/de\/wp-content\/uploads\/juergen-jansen-f1.mp4\">https:\/\/formula-event.com\/de\/wp-content\/uploads\/juergen-jansen-f1.mp4<\/a><\/video><\/div>\n<\/div><\/div><div class=\"w-separator size_small\"><\/div><div class=\"wpb_text_column\"><div class=\"wpb_wrapper\"><pre style=\"text-align: center;\"><strong>N\u00c4CHSTE TERMINE:<\/strong>\r\nSamstag 11. und Sonntag 12. APRIL 2026 in Magny-Cours\/F\r\nAlle Rennstrecke und Termine unter Preisliste &amp; Termine 2026<\/pre>\n<p><strong>Formula Event<\/strong> verf\u00fcgt \u00fcber <strong>10 Formel 1<\/strong> und <strong>10 Formel Renault 2.0<\/strong> Rennwagen sowie \u00fcber einen <strong>Formel-1-Dreistizer<\/strong> bzw. F1-Zweisitzer\/F1-Doppelsitzer. Eine Auswahl steht Dir auf den sch\u00f6nsten und renommiertesten <strong>Grand-Prix-Rennstrecken<\/strong> Europas zur Verf\u00fcgung. Barcelona, Portimao, Paul-Ricard, Magny-Cours, Dijon, Jerez, Hungaroring \u2026<br \/>\nMit dem <strong>Premium+<\/strong> Arrangement ist die Einf\u00fchrung und Lehrgangssprache Deutsch.<\/p>\n<\/div><\/div><div class=\"w-separator size_small\"><\/div><div class=\"wpb_text_column\"><div class=\"wpb_wrapper\"><p>Hier findest Du die aktuellen Informationen (als PDF-Dokument) zu den Events. Bei Fragen, z\u00f6gere nicht uns jederzeit zu kontaktieren, wir antworten z\u00fcgig.<\/p>\n<\/div><\/div><div class=\"w-separator size_small\"><\/div><div class=\"g-cols wpb_row via_grid cols_3 laptops-cols_inherit tablets-cols_inherit mobiles-cols_1 valign_top type_default stacking_default\" style=\"--columns-gap:3rem;\"><div class=\"wpb_column vc_column_container\"><div class=\"vc_column-inner\"><div class=\"w-btn-wrapper align_none\"><a class=\"w-btn us-btn-style_1\" target=\"_blank\" rel=\"nofollow\" href=\"https:\/\/formula-event.com\/de\/wp-content\/uploads\/2026-F1-DE2-PROGR.pdf\"><span class=\"w-btn-label\">Preisliste &amp; Termine 2026<\/span><\/a><\/div><\/div><\/div><div class=\"wpb_column vc_column_container\"><div class=\"vc_column-inner\"><div class=\"w-btn-wrapper align_none\"><a class=\"w-btn us-btn-style_1\" target=\"_blank\" rel=\"nofollow\" href=\"https:\/\/formula-event.com\/de\/wp-content\/uploads\/2026-F1-DE01-Anmeldeformular-1.pdf\"><span class=\"w-btn-label\">Anmeldeformular 2026<\/span><\/a><\/div><\/div><\/div><div class=\"wpb_column vc_column_container\"><div class=\"vc_column-inner\"><\/div><\/div><\/div><div class=\"w-separator size_medium\"><\/div><\/div><\/div><\/div><\/div><\/section>\n","protected":false},"excerpt":{"rendered":"Formel 1 selber fahren https:\/\/formula-event.com\/de\/wp-content\/uploads\/juergen-jansen-f1.mp4 N\u00c4CHSTE TERMINE: Samstag 11. und Sonntag 12. APRIL 2026 in Magny-Cours\/F Alle Rennstrecke und Termine unter Preisliste &amp; Termine 2026 Formula Event verf\u00fcgt \u00fcber 10 Formel 1 und 10 Formel Renault 2.0 Rennwagen sowie \u00fcber einen Formel-1-Dreistizer bzw. F1-Zweisitzer\/F1-Doppelsitzer. Eine Auswahl steht Dir auf den sch\u00f6nsten und renommiertesten Grand-Prix-Rennstrecken Europas...","protected":false},"author":3,"featured_media":0,"parent":0,"menu_order":0,"comment_status":"closed","ping_status":"closed","template":"","meta":{"footnotes":""},"class_list":["post-65","page","type-page","status-publish","hentry"],"_links":{"self":[{"href":"https:\/\/formula-event.com\/de\/wp-json\/wp\/v2\/pages\/65","targetHints":{"allow":["GET"]}}],"collection":[{"href":"https:\/\/formula-event.com\/de\/wp-json\/wp\/v2\/pages"}],"about":[{"href":"https:\/\/formula-event.com\/de\/wp-json\/wp\/v2\/types\/page"}],"author":[{"embeddable":true,"href":"https:\/\/formula-event.com\/de\/wp-json\/wp\/v2\/users\/3"}],"replies":[{"embeddable":true,"href":"https:\/\/formula-event.com\/de\/wp-json\/wp\/v2\/comments?post=65"}],"version-history":[{"count":53,"href":"https:\/\/formula-event.com\/de\/wp-json\/wp\/v2\/pages\/65\/revisions"}],"predecessor-version":[{"id":780,"href":"https:\/\/formula-event.com\/de\/wp-json\/wp\/v2\/pages\/65\/revisions\/780"}],"wp:attachment":[{"href":"https:\/\/formula-event.com\/de\/wp-json\/wp\/v2\/media?parent=65"}],"curies":[{"name":"wp","href":"https:\/\/api.w.org\/{rel}","templated":true}]}}