{"id":67,"date":"2023-01-26T21:49:55","date_gmt":"2023-01-26T20:49:55","guid":{"rendered":"https:\/\/formula-event.com\/de\/?page_id=67"},"modified":"2025-12-03T12:03:34","modified_gmt":"2025-12-03T11:03:34","slug":"formel-rennfahrerschule","status":"publish","type":"page","link":"https:\/\/formula-event.com\/de\/formel-rennfahrerschule\/","title":{"rendered":"Formel Rennfahrerschule"},"content":{"rendered":"<section class=\"l-section wpb_row height_small\"><div class=\"l-section-h i-cf\"><div class=\"g-cols vc_row via_grid cols_1 laptops-cols_inherit tablets-cols_inherit mobiles-cols_1 valign_top type_default stacking_default\"><div class=\"wpb_column vc_column_container\"><div class=\"vc_column-inner\"><div class=\"wpb_text_column\"><div class=\"wpb_wrapper\"><h1>Formel Rennfahrerschule<\/h1>\n<\/div><\/div><div class=\"w-separator size_small\"><\/div><div class=\"wpb_text_column\"><div class=\"wpb_wrapper\"><div style=\"width: 1160px;\" class=\"wp-video\"><video class=\"wp-video-shortcode\" id=\"video-67-1\" width=\"1160\" height=\"653\" poster=\"https:\/\/formula-event.com\/de\/wp-content\/uploads\/rennfahrerschule-startbild.png\" preload=\"metadata\" controls=\"controls\"><source type=\"video\/mp4\" src=\"https:\/\/formula-event.com\/de\/wp-content\/uploads\/rennfahrerschule-720.mp4?_=1\" \/><a href=\"https:\/\/formula-event.com\/de\/wp-content\/uploads\/rennfahrerschule-720.mp4\">https:\/\/formula-event.com\/de\/wp-content\/uploads\/rennfahrerschule-720.mp4<\/a><\/video><\/div>\n<\/div><\/div><div class=\"w-separator size_small\"><\/div><div class=\"wpb_text_column\"><div class=\"wpb_wrapper\"><p>DIE GEHEIMNISSE DER RENNFAHRER<\/p>\n<p>Einen <strong>Formel Renault 2.0<\/strong> ist ein effizientes und schnelles <strong>Sportger\u00e4t<\/strong>. Vom ersten Kennenlernen bis zur Rennvorbereitung erm\u00f6glicht durch intensives Perfektionstraining. Z\u00f6gere nicht, uns f\u00fcr eine direkte und individuelle Einsch\u00e4tzung mit Beratung zu kontaktieren.<\/p>\n<p>\u201e<strong>Die beste Formel-Rennfahrerschule in Europa<\/strong>\u201c: Ren\u00e9 Wolff, VLN-Champion 2004, DMSB-Lizenz Instruktor. Viele der aktuellen Champions haben sich in dieser Disziplin des Motorsports profiliert. Nutze unsere <strong>\u00fcber 38-j\u00e4hrige<\/strong> und unvergleichliche Erfahrung. Sieben Formel Renault 2.0 stehen Dir auf den <strong>sch\u00f6nsten Rennstrecken<\/strong> zur Verf\u00fcgung.<\/p>\n<p>Hier findest Du die aktuellen Informationen als PDF-Dokument zu den Events.<\/p>\n<pre>2026 IST STARTKLAR! ALLE TERMINE SIND BEREITS ONLINE.\r\nJETZT INKLUSIVE ALLE CLUB-TERMINE MIT BRANDNEUER RENNSTRECKEN!\r\n<\/pre>\n<\/div><\/div><div class=\"w-separator size_small\"><\/div><div class=\"g-cols wpb_row via_grid cols_3 laptops-cols_inherit tablets-cols_inherit mobiles-cols_1 valign_top type_default stacking_default\" style=\"--columns-gap:3rem;\"><div class=\"wpb_column vc_column_container\"><div class=\"vc_column-inner\"><div class=\"w-btn-wrapper align_none\"><a class=\"w-btn us-btn-style_1\" target=\"_blank\" rel=\"nofollow\" href=\"https:\/\/formula-event.com\/de\/wp-content\/uploads\/2026-EF-FR2.0-DE3-PROGRAMM.pdf\"><span class=\"w-btn-label\">Preisliste &amp; Termine 2026<\/span><\/a><\/div><\/div><\/div><div class=\"wpb_column vc_column_container\"><div class=\"vc_column-inner\"><div class=\"w-btn-wrapper align_none\"><a class=\"w-btn us-btn-style_1\" target=\"_blank\" rel=\"nofollow\" href=\"https:\/\/formula-event.com\/de\/wp-content\/uploads\/2026-EF-FR2.0-DE2-Anmeldeformular.pdf\"><span class=\"w-btn-label\">Anmeldeformular 2026<\/span><\/a><\/div><\/div><\/div><div class=\"wpb_column vc_column_container\"><div class=\"vc_column-inner\"><\/div><\/div><\/div><div class=\"w-separator size_medium\"><\/div><\/div><\/div><\/div><\/div><\/section>\n","protected":false},"excerpt":{"rendered":"Formel Rennfahrerschule https:\/\/formula-event.com\/de\/wp-content\/uploads\/rennfahrerschule-720.mp4 DIE GEHEIMNISSE DER RENNFAHRER Einen Formel Renault 2.0 ist ein effizientes und schnelles Sportger\u00e4t. Vom ersten Kennenlernen bis zur Rennvorbereitung erm\u00f6glicht durch intensives Perfektionstraining. Z\u00f6gere nicht, uns f\u00fcr eine direkte und individuelle Einsch\u00e4tzung mit Beratung zu kontaktieren. \u201eDie beste Formel-Rennfahrerschule in Europa\u201c: Ren\u00e9 Wolff, VLN-Champion 2004, DMSB-Lizenz Instruktor. Viele der aktuellen Champions...","protected":false},"author":3,"featured_media":0,"parent":0,"menu_order":0,"comment_status":"closed","ping_status":"closed","template":"","meta":{"footnotes":""},"class_list":["post-67","page","type-page","status-publish","hentry"],"_links":{"self":[{"href":"https:\/\/formula-event.com\/de\/wp-json\/wp\/v2\/pages\/67","targetHints":{"allow":["GET"]}}],"collection":[{"href":"https:\/\/formula-event.com\/de\/wp-json\/wp\/v2\/pages"}],"about":[{"href":"https:\/\/formula-event.com\/de\/wp-json\/wp\/v2\/types\/page"}],"author":[{"embeddable":true,"href":"https:\/\/formula-event.com\/de\/wp-json\/wp\/v2\/users\/3"}],"replies":[{"embeddable":true,"href":"https:\/\/formula-event.com\/de\/wp-json\/wp\/v2\/comments?post=67"}],"version-history":[{"count":42,"href":"https:\/\/formula-event.com\/de\/wp-json\/wp\/v2\/pages\/67\/revisions"}],"predecessor-version":[{"id":777,"href":"https:\/\/formula-event.com\/de\/wp-json\/wp\/v2\/pages\/67\/revisions\/777"}],"wp:attachment":[{"href":"https:\/\/formula-event.com\/de\/wp-json\/wp\/v2\/media?parent=67"}],"curies":[{"name":"wp","href":"https:\/\/api.w.org\/{rel}","templated":true}]}}