{"id":69,"date":"2023-01-26T21:50:12","date_gmt":"2023-01-26T20:50:12","guid":{"rendered":"https:\/\/formula-event.com\/de\/?page_id=69"},"modified":"2026-01-31T16:10:49","modified_gmt":"2026-01-31T15:10:49","slug":"nuerburgring-nordschleife","status":"publish","type":"page","link":"https:\/\/formula-event.com\/de\/nuerburgring-nordschleife\/","title":{"rendered":"N\u00fcrburgring Nordschleife"},"content":{"rendered":"<section class=\"l-section wpb_row height_small\"><div class=\"l-section-h i-cf\"><div class=\"g-cols vc_row via_grid cols_1 laptops-cols_inherit tablets-cols_inherit mobiles-cols_1 valign_top type_default stacking_default\"><div class=\"wpb_column vc_column_container\"><div class=\"vc_column-inner\"><div class=\"wpb_text_column\"><div class=\"wpb_wrapper\"><h1>N\u00fcrburgring Nordschleife<\/h1>\n<\/div><\/div><div class=\"w-separator size_small\"><\/div><div class=\"wpb_text_column\"><div class=\"wpb_wrapper\"><div style=\"width: 1160px;\" class=\"wp-video\"><video class=\"wp-video-shortcode\" id=\"video-69-1\" width=\"1160\" height=\"653\" poster=\"https:\/\/formula-event.com\/de\/wp-content\/uploads\/carroussel-startbild.png\" preload=\"metadata\" controls=\"controls\"><source type=\"video\/mp4\" src=\"https:\/\/formula-event.com\/de\/wp-content\/uploads\/carroussel-720.mp4?_=1\" \/><a href=\"https:\/\/formula-event.com\/de\/wp-content\/uploads\/carroussel-720.mp4\">https:\/\/formula-event.com\/de\/wp-content\/uploads\/carroussel-720.mp4<\/a><\/video><\/div>\n<\/div><\/div><div class=\"w-separator size_small\"><\/div><div class=\"wpb_text_column\"><div class=\"wpb_wrapper\"><p>Um dich mit dieser ungew\u00f6hnlichen Umgebung vertraut zu machen, erledige die ersten Schritten mit der Erfahrung eines <strong>Profi-Coach<\/strong> an deiner Seite&#8230; <strong>TRAU DICH!<\/strong><\/p>\n<p><strong>Ren\u00e9 Wolff<\/strong> ,VLN-Champion 2004 und Race Coach. DIE ERFAHRUNG EINES INSIDERS.<br \/>\nEr ist dein Spezialist wenn es hei\u00dft das Abenteuer N\u00fcrburgring Nordschleife zu wagen. Seine Motivation ist aus Leidenschaft f\u00fcr den Motorsport und f\u00fcr diese einzigartige und schwierige Rennstrecke der Welt entstanden.<\/p>\n<p>Wir laden dich ein, es mit ihm und seiner <strong>selbst entwickelte Methode<\/strong>, die aus 20 Jahren Rennsport auf der Nordschleife resultiert, zu erfahren.<\/p>\n<p>Hier findest Du die aktuellen Informationen als PDF-Dokument zu den Events.<\/p>\n<pre>Termine 2026 bereits online. Starte Jetzt!<\/pre>\n<\/div><\/div><div class=\"w-separator size_small\"><\/div><div class=\"g-cols wpb_row via_grid cols_3 laptops-cols_inherit tablets-cols_inherit mobiles-cols_1 valign_top type_default stacking_default\" style=\"--columns-gap:3rem;\"><div class=\"wpb_column vc_column_container has-link\"><div class=\"vc_column-inner\"><div class=\"w-btn-wrapper align_none\"><a class=\"w-btn us-btn-style_1\" target=\"_blank\" rel=\"nofollow\" href=\"https:\/\/formula-event.com\/de\/wp-content\/uploads\/2025-NN-DE3-PROGRAMM.pdf\"><span class=\"w-btn-label\">Preisliste &amp; Termine 2026<\/span><\/a><\/div><\/div><a href=\"https:\/\/formula-event.com\/de\/wp-content\/uploads\/2026-NN-DE2-PROGRAMM.pdf\" class=\"vc_column-link smooth-scroll\" aria-label=\"Link\"><\/a><\/div><div class=\"wpb_column vc_column_container has-link\"><div class=\"vc_column-inner\"><div class=\"w-btn-wrapper align_none\"><a class=\"w-btn us-btn-style_1\" target=\"_blank\" rel=\"nofollow\" href=\"https:\/\/formula-event.com\/de\/wp-content\/uploads\/2025-NN-DE1-Anmeldeformular-1.pdf\"><span class=\"w-btn-label\">Anmeldeformular 2026<\/span><\/a><\/div><\/div><a href=\"https:\/\/formula-event.com\/de\/wp-content\/uploads\/2026-NN-DE1-Anmeldeformular.pdf\" class=\"vc_column-link smooth-scroll\" aria-label=\"Link\"><\/a><\/div><div class=\"wpb_column vc_column_container\"><div class=\"vc_column-inner\"><\/div><\/div><\/div><div class=\"w-separator size_medium\"><\/div><\/div><\/div><\/div><\/div><\/section>\n","protected":false},"excerpt":{"rendered":"N\u00fcrburgring Nordschleife https:\/\/formula-event.com\/de\/wp-content\/uploads\/carroussel-720.mp4 Um dich mit dieser ungew\u00f6hnlichen Umgebung vertraut zu machen, erledige die ersten Schritten mit der Erfahrung eines Profi-Coach an deiner Seite&#8230; TRAU DICH! Ren\u00e9 Wolff ,VLN-Champion 2004 und Race Coach. DIE ERFAHRUNG EINES INSIDERS. Er ist dein Spezialist wenn es hei\u00dft das Abenteuer N\u00fcrburgring Nordschleife zu wagen. Seine Motivation ist aus Leidenschaft...","protected":false},"author":3,"featured_media":0,"parent":0,"menu_order":0,"comment_status":"closed","ping_status":"closed","template":"","meta":{"footnotes":""},"class_list":["post-69","page","type-page","status-publish","hentry"],"_links":{"self":[{"href":"https:\/\/formula-event.com\/de\/wp-json\/wp\/v2\/pages\/69","targetHints":{"allow":["GET"]}}],"collection":[{"href":"https:\/\/formula-event.com\/de\/wp-json\/wp\/v2\/pages"}],"about":[{"href":"https:\/\/formula-event.com\/de\/wp-json\/wp\/v2\/types\/page"}],"author":[{"embeddable":true,"href":"https:\/\/formula-event.com\/de\/wp-json\/wp\/v2\/users\/3"}],"replies":[{"embeddable":true,"href":"https:\/\/formula-event.com\/de\/wp-json\/wp\/v2\/comments?post=69"}],"version-history":[{"count":30,"href":"https:\/\/formula-event.com\/de\/wp-json\/wp\/v2\/pages\/69\/revisions"}],"predecessor-version":[{"id":787,"href":"https:\/\/formula-event.com\/de\/wp-json\/wp\/v2\/pages\/69\/revisions\/787"}],"wp:attachment":[{"href":"https:\/\/formula-event.com\/de\/wp-json\/wp\/v2\/media?parent=69"}],"curies":[{"name":"wp","href":"https:\/\/api.w.org\/{rel}","templated":true}]}}