{"id":12,"date":"2023-01-26T19:54:16","date_gmt":"2023-01-26T18:54:16","guid":{"rendered":"https:\/\/formula-event.com\/fr\/?page_id=12"},"modified":"2023-10-17T20:21:59","modified_gmt":"2023-10-17T18:21:59","slug":"contact","status":"publish","type":"page","link":"https:\/\/formula-event.com\/fr\/contact\/","title":{"rendered":"Contact"},"content":{"rendered":"<section class=\"l-section wpb_row height_small\"><div class=\"l-section-h i-cf\"><div class=\"g-cols vc_row via_grid cols_1 laptops-cols_inherit tablets-cols_inherit mobiles-cols_1 valign_top type_default stacking_default\"><div class=\"wpb_column vc_column_container\"><div class=\"vc_column-inner\"><h1 class=\"w-post-elm post_title entry-title color_link_inherit\">Contact<\/h1><\/div><\/div><\/div><\/div><\/section><section class=\"l-section wpb_row height_small\"><div class=\"l-section-h i-cf\"><div class=\"g-cols vc_row via_grid cols_custom laptops-cols_inherit tablets-cols_inherit mobiles-cols_1 valign_top type_default stacking_default\" style=\"--custom-columns:2.4fr 1.2fr 2.4fr \"><div class=\"wpb_column vc_column_container us_custom_b705c2c4\"><div class=\"vc_column-inner\"><div class=\"w-separator size_small\"><\/div><div class=\"wpb_text_column us_custom_2dbf7b3f\"><div class=\"wpb_wrapper\"><h3>Formulaire de contact<\/h3>\n<\/div><\/div>\n<div class=\"wpcf7 no-js\" id=\"wpcf7-f44-o1\" lang=\"de-DE\" dir=\"ltr\" data-wpcf7-id=\"44\">\n<div class=\"screen-reader-response\"><p role=\"status\" aria-live=\"polite\" aria-atomic=\"true\"><\/p> <ul><\/ul><\/div>\n<form action=\"\/fr\/wp-json\/wp\/v2\/pages\/12#wpcf7-f44-o1\" method=\"post\" class=\"wpcf7-form init\" aria-label=\"Kontaktformular\" novalidate=\"novalidate\" data-status=\"init\">\n<fieldset class=\"hidden-fields-container\"><input type=\"hidden\" name=\"_wpcf7\" value=\"44\" \/><input type=\"hidden\" name=\"_wpcf7_version\" value=\"6.1.5\" \/><input type=\"hidden\" name=\"_wpcf7_locale\" value=\"de_DE\" \/><input type=\"hidden\" name=\"_wpcf7_unit_tag\" value=\"wpcf7-f44-o1\" \/><input type=\"hidden\" name=\"_wpcf7_container_post\" value=\"0\" \/><input type=\"hidden\" name=\"_wpcf7_posted_data_hash\" value=\"\" \/>\n<\/fieldset>\n<p><label> Pr\u00e9nom<br \/>\n<span class=\"wpcf7-form-control-wrap\" data-name=\"vorname\"><input size=\"40\" maxlength=\"400\" class=\"wpcf7-form-control wpcf7-text wpcf7-validates-as-required\" aria-required=\"true\" aria-invalid=\"false\" value=\"\" type=\"text\" name=\"vorname\" \/><\/span> <\/label>\n<\/p>\n<p><label> Nom de famille<br \/>\n<span class=\"wpcf7-form-control-wrap\" data-name=\"nachname\"><input size=\"40\" maxlength=\"400\" class=\"wpcf7-form-control wpcf7-text wpcf7-validates-as-required\" aria-required=\"true\" aria-invalid=\"false\" value=\"\" type=\"text\" name=\"nachname\" \/><\/span> <\/label>\n<\/p>\n<p><label> T\u00e9l\u00e9phone<br \/>\n<span class=\"wpcf7-form-control-wrap\" data-name=\"tel-807\"><input size=\"40\" maxlength=\"400\" class=\"wpcf7-form-control wpcf7-tel wpcf7-text wpcf7-validates-as-tel\" aria-invalid=\"false\" value=\"\" type=\"tel\" name=\"tel-807\" \/><\/span> <\/label>\n<\/p>\n<p><label> E-mail<br \/>\n<span class=\"wpcf7-form-control-wrap\" data-name=\"your-email\"><input size=\"40\" maxlength=\"400\" class=\"wpcf7-form-control wpcf7-email wpcf7-validates-as-required wpcf7-text wpcf7-validates-as-email\" aria-required=\"true\" aria-invalid=\"false\" value=\"\" type=\"email\" name=\"your-email\" \/><\/span> <\/label>\n<\/p>\n<p><label> Sujet<br \/>\n<span class=\"wpcf7-form-control-wrap\" data-name=\"your-subject\"><input size=\"40\" maxlength=\"400\" class=\"wpcf7-form-control wpcf7-text wpcf7-validates-as-required\" aria-required=\"true\" aria-invalid=\"false\" value=\"\" type=\"text\" name=\"your-subject\" \/><\/span> <\/label>\n<\/p>\n<p><label> Message<br \/>\n<span class=\"wpcf7-form-control-wrap\" data-name=\"your-message\"><textarea cols=\"40\" rows=\"10\" maxlength=\"2000\" class=\"wpcf7-form-control wpcf7-textarea\" aria-invalid=\"false\" name=\"your-message\"><\/textarea><\/span> <\/label>\n<\/p>\n<p><label><br \/>\n<span class=\"wpcf7-form-control-wrap\" data-name=\"checkbox-634\"><span class=\"wpcf7-form-control wpcf7-checkbox\"><span class=\"wpcf7-list-item first last\"><label><input type=\"checkbox\" name=\"checkbox-634[]\" value=\"J&#039;accepte que mes donn\u00e9es personnelles soient conserv\u00e9es afin de pouvoir me contacter.\" \/><span class=\"wpcf7-list-item-label\">J&#039;accepte que mes donn\u00e9es personnelles soient conserv\u00e9es afin de pouvoir me contacter.<\/span><\/label><\/span><\/span><\/span><\/label>\n<\/p>\n<p><span class=\"wpcf7-form-control-wrap kc_captcha\" data-name=\"kc_captcha\"><span class=\"wpcf7-form-control wpcf7-radio\"><span class=\"captcha-image\" ><span class=\"cf7ic_instructions\">Bitte beweise, dass du kein Spambot bist und w\u00e4hle das Symbol<span> Stern<\/span>.<\/span><label><input aria-label=\"1\" type=\"radio\" name=\"kc_captcha\" value=\"bot\" \/><svg aria-hidden=\"true\" role=\"img\" xmlns=\"http:\/\/www.w3.org\/2000\/svg\" viewBox=\"0 0 576 512\"><path fill=\"currentColor\" d=\"M415 24c-53 0-103 42-127 65-24-23-74-65-127-65C70 24 16 77 16 166c0 72 67 133 69 135l187 181c9 8 23 8 32 0l187-180c2-3 69-64 69-136 0-89-54-142-145-142z\"\/><\/svg><\/label><label><input aria-label=\"2\" type=\"radio\" name=\"kc_captcha\" value=\"kc_human\" \/><svg aria-hidden=\"true\" role=\"img\" xmlns=\"http:\/\/www.w3.org\/2000\/svg\" viewBox=\"0 0 576 512\"><path fill=\"currentColor\" d=\"M259 18l-65 132-146 22c-26 3-37 36-18 54l106 103-25 146c-5 26 23 46 46 33l131-68 131 68c23 13 51-7 46-33l-25-146 106-103c19-18 8-51-18-54l-146-22-65-132a32 32 0 00-58 0z\"\/><\/svg><\/label><label><input aria-label=\"3\" type=\"radio\" name=\"kc_captcha\" value=\"bot\" \/><svg aria-hidden=\"true\" role=\"img\" xmlns=\"http:\/\/www.w3.org\/2000\/svg\" viewBox=\"0 0 640 512\"><path fill=\"currentColor\" d=\"M624 352h-16V244c0-13-5-25-14-34L494 110c-9-9-21-14-34-14h-44V48c0-26-21-48-48-48H48C22 0 0 22 0 48v320c0 27 22 48 48 48h16a96 96 0 00192 0h128a96 96 0 00192 0h48c9 0 16-7 16-16v-32c0-9-7-16-16-16zM160 464a48 48 0 110-96 48 48 0 010 96zm320 0a48 48 0 110-96 48 48 0 010 96zm80-208H416V144h44l100 100v12z\"\/><\/svg><\/label>\r\n    <\/span>\r\n    <span style=\"display:none\">\r\n        <input type=\"text\" name=\"kc_honeypot\">\r\n    <\/span><\/span><\/span>\n<\/p>\n<p><input class=\"wpcf7-form-control wpcf7-submit has-spinner\" type=\"submit\" value=\"Envoyer\" \/>\n<\/p><div class=\"wpcf7-response-output\" aria-hidden=\"true\"><\/div>\n<\/form>\n<\/div>\n<\/div><\/div><div class=\"wpb_column vc_column_container us_custom_b705c2c4\"><div class=\"vc_column-inner\"><\/div><\/div><div class=\"wpb_column vc_column_container\"><div class=\"vc_column-inner\"><div class=\"w-separator size_small\"><\/div><div class=\"wpb_text_column us_custom_2dbf7b3f\"><div class=\"wpb_wrapper\"><h3><i class=\"far fa-address-card\"><\/i> Carte de visite<\/h3>\n<\/div><\/div><div class=\"wpb_text_column\"><div class=\"wpb_wrapper\"><p>Mes coordonn\u00e9es sous forme de vCard pour les transf\u00e9rer facilement dans votre carnet d&rsquo;adresses\/contacts pour smartphones ou ordinateurs:<\/p>\n<\/div><\/div><div class=\"w-btn-wrapper align_none\"><a class=\"w-btn us-btn-style_1 us_custom_0f8f44b7\" href=\"\/de\/wp-content\/uploads\/formula-event.vcf\"><span class=\"w-btn-label\">Download vCard<\/span><\/a><\/div><div class=\"w-separator size_medium\"><\/div><div class=\"w-tabs style_default switch_click accordion has_scrolling\" style=\"--sections-title-size:inherit\"><div class=\"w-tabs-sections titles-align_none icon_chevron cpos_right\"><div class=\"w-tabs-section\" id=\"j371\"><button class=\"w-tabs-section-header\" aria-controls=\"content-j371\" aria-expanded=\"false\"><div class=\"w-tabs-section-title\">Instructions pour la vCard<\/div><div class=\"w-tabs-section-control\"><\/div><\/button><div  class=\"w-tabs-section-content\" id=\"content-j371\"><div class=\"w-tabs-section-content-h i-cf\"><div class=\"wpb_text_column\"><div class=\"wpb_wrapper\"><p><strong><i class=\"fab fa-android\" style=\"margin-right: 6px;\"><\/i> Android<\/strong><br \/>\nApr\u00e8s le t\u00e9l\u00e9chargement, ouvrir la vCard et l&rsquo;importer via \u00ab\u00a0Cr\u00e9er un contact dans un compte\u00a0\u00bb (s\u00e9lectionner le compte du carnet d&rsquo;adresses souhait\u00e9).<\/p>\n<p><strong><i class=\"fab fa-apple\" style=\"margin-right: 6px;\"><\/i> iPhone \/ iPad<\/strong><br \/>\nApr\u00e8s le t\u00e9l\u00e9chargement, cliquer en bas sur \u00ab\u00a0Cr\u00e9er un nouveau contact\u00a0\u00bb, puis en haut \u00e0 droite sur \u00ab\u00a0Termin\u00e9\u00a0\u00bb.<\/p>\n<p><strong><i class=\"fab fa-microsoft\" style=\"margin-right: 6px;\" aria-hidden=\"true\"><\/i> Windows<\/strong><br \/>\nT\u00e9l\u00e9charger la vCard, l&rsquo;ouvrir dans ton programme de messagerie (ou l\u00e0 o\u00f9 sont g\u00e9r\u00e9s les contacts) et l&rsquo;enregistrer.<\/p>\n<p><strong><i class=\"fab fa-apple\" style=\"margin-right: 6px;\" aria-hidden=\"true\"><\/i> Mac<\/strong><br \/>\nT\u00e9l\u00e9charger et importer la vCard.<\/p>\n<\/div><\/div><\/div><\/div><\/div><div class=\"w-tabs-section\" id=\"efa6\"><button class=\"w-tabs-section-header\" aria-controls=\"content-efa6\" aria-expanded=\"false\"><div class=\"w-tabs-section-title\">QR-Code<\/div><div class=\"w-tabs-section-control\"><\/div><\/button><div  class=\"w-tabs-section-content\" id=\"content-efa6\"><div class=\"w-tabs-section-content-h i-cf\"><div class=\"w-image align_none\"><a href=\"https:\/\/formula-event.com\/de\/wp-content\/uploads\/formula-event.vcf\" aria-label=\"QR-Code vCard\" class=\"w-image-h\"><img decoding=\"async\" width=\"1036\" height=\"1036\" src=\"https:\/\/formula-event.com\/fr\/wp-content\/uploads\/qr-code-vcard.png\" class=\"attachment-large size-large\" alt=\"QR-Code vCard\" loading=\"lazy\" srcset=\"https:\/\/formula-event.com\/fr\/wp-content\/uploads\/qr-code-vcard.png 1036w, https:\/\/formula-event.com\/fr\/wp-content\/uploads\/qr-code-vcard-1024x1024.png 1024w, https:\/\/formula-event.com\/fr\/wp-content\/uploads\/qr-code-vcard-800x800.png 800w\" sizes=\"auto, (max-width: 1036px) 100vw, 1036px\" \/><\/a><\/div><\/div><\/div><\/div><\/div><\/div><div class=\"w-separator size_huge\"><\/div><div class=\"wpb_text_column\"><div class=\"wpb_wrapper\"><h3>SocialMedia<\/h3>\n<\/div><\/div><div class=\"w-separator size_small\"><\/div><div class=\"w-socials us_custom_b459b2f8 color_brand shape_square style_colored hover_fade\" style=\"--gap:0.1em;\"><div class=\"w-socials-list\"><div class=\"w-socials-item facebook\"><a target=\"_blank\" rel=\"nofollow\" href=\"https:\/\/www.facebook.com\/profile.php?id=100064004654261\" class=\"w-socials-item-link\" aria-label=\"Facebook\"><span class=\"w-socials-item-link-hover\"><\/span><i class=\"fab fa-facebook\"><\/i><\/a><div class=\"w-socials-item-popup\"><span>Facebook<\/span><\/div><\/div><div class=\"w-socials-item instagram\"><a target=\"_blank\" rel=\"nofollow\" href=\"https:\/\/www.instagram.com\/formulaevent1\/\" class=\"w-socials-item-link\" aria-label=\"Instagram\"><span class=\"w-socials-item-link-hover\"><\/span><i class=\"fab fa-instagram\"><\/i><\/a><div class=\"w-socials-item-popup\"><span>Instagram<\/span><\/div><\/div><div class=\"w-socials-item youtube\"><a target=\"_blank\" rel=\"nofollow\" href=\"https:\/\/www.youtube.com\/@formuleunal\" class=\"w-socials-item-link\" aria-label=\"YouTube\"><span class=\"w-socials-item-link-hover\"><\/span><i class=\"fab fa-youtube\"><\/i><\/a><div class=\"w-socials-item-popup\"><span>YouTube<\/span><\/div><\/div><div class=\"w-socials-item xing\"><a target=\"_blank\" rel=\"nofollow\" href=\"https:\/\/www.xing.com\/profile\/Rene_Wolff5\" class=\"w-socials-item-link\" aria-label=\"Xing\"><span class=\"w-socials-item-link-hover\"><\/span><i class=\"fab fa-xing\"><\/i><\/a><div class=\"w-socials-item-popup\"><span>Xing<\/span><\/div><\/div><\/div><\/div><div class=\"w-separator size_large\"><\/div><\/div><\/div><\/div><\/div><\/section>\n","protected":false},"excerpt":{"rendered":"ContactFormulaire de contact Pr\u00e9nom Nom de famille T\u00e9l\u00e9phone E-mail Sujet Message J&#039;accepte que mes donn\u00e9es personnelles soient conserv\u00e9es afin de pouvoir me contacter. Bitte beweise, dass du kein Spambot bist und w\u00e4hle das Symbol LKW. Carte de visite Mes coordonn\u00e9es sous forme de vCard pour les transf\u00e9rer facilement dans votre carnet d&rsquo;adresses\/contacts pour smartphones ou...","protected":false},"author":3,"featured_media":0,"parent":0,"menu_order":0,"comment_status":"closed","ping_status":"closed","template":"","meta":{"footnotes":""},"class_list":["post-12","page","type-page","status-publish","hentry"],"_links":{"self":[{"href":"https:\/\/formula-event.com\/fr\/wp-json\/wp\/v2\/pages\/12","targetHints":{"allow":["GET"]}}],"collection":[{"href":"https:\/\/formula-event.com\/fr\/wp-json\/wp\/v2\/pages"}],"about":[{"href":"https:\/\/formula-event.com\/fr\/wp-json\/wp\/v2\/types\/page"}],"author":[{"embeddable":true,"href":"https:\/\/formula-event.com\/fr\/wp-json\/wp\/v2\/users\/3"}],"replies":[{"embeddable":true,"href":"https:\/\/formula-event.com\/fr\/wp-json\/wp\/v2\/comments?post=12"}],"version-history":[{"count":33,"href":"https:\/\/formula-event.com\/fr\/wp-json\/wp\/v2\/pages\/12\/revisions"}],"predecessor-version":[{"id":648,"href":"https:\/\/formula-event.com\/fr\/wp-json\/wp\/v2\/pages\/12\/revisions\/648"}],"wp:attachment":[{"href":"https:\/\/formula-event.com\/fr\/wp-json\/wp\/v2\/media?parent=12"}],"curies":[{"name":"wp","href":"https:\/\/api.w.org\/{rel}","templated":true}]}}