{"id":14,"date":"2023-01-26T19:54:36","date_gmt":"2023-01-26T18:54:36","guid":{"rendered":"https:\/\/formula-event.com\/fr\/?page_id=14"},"modified":"2023-10-16T20:06:11","modified_gmt":"2023-10-16T18:06:11","slug":"rene-wolff","status":"publish","type":"page","link":"https:\/\/formula-event.com\/fr\/rene-wolff\/","title":{"rendered":"\u00c0 notre sujet"},"content":{"rendered":"<section class=\"l-section wpb_row height_small\"><div class=\"l-section-h i-cf\"><div class=\"g-cols vc_row via_grid cols_1 laptops-cols_inherit tablets-cols_inherit mobiles-cols_1 valign_top type_default stacking_default\"><div class=\"wpb_column vc_column_container\"><div class=\"vc_column-inner\"><h1 class=\"w-post-elm post_title entry-title color_link_inherit\">\u00c0 notre sujet<\/h1><div class=\"w-separator size_small\"><\/div><div class=\"g-cols wpb_row via_grid cols_2 laptops-cols_inherit tablets-cols_inherit mobiles-cols_1 valign_top type_default stacking_default\" style=\"--gap:3rem;\"><div class=\"wpb_column vc_column_container\"><div class=\"vc_column-inner\"><div class=\"w-image align_none meta_modern\"><div class=\"w-image-h\"><img decoding=\"async\" width=\"1160\" height=\"717\" src=\"https:\/\/formula-event.com\/fr\/wp-content\/uploads\/rene-wolff.jpg\" class=\"attachment-large size-large\" alt=\"Ren\u00e9 Wolff (Rennfahrer, Coach, Instruktor)\" loading=\"lazy\" srcset=\"https:\/\/formula-event.com\/fr\/wp-content\/uploads\/rene-wolff.jpg 1267w, https:\/\/formula-event.com\/fr\/wp-content\/uploads\/rene-wolff-1024x633.jpg 1024w\" sizes=\"auto, (max-width: 1160px) 100vw, 1160px\" \/><div class=\"w-image-meta\"><div class=\"w-image-title\">Ren\u00e9 Wolff<\/div><div class=\"w-image-description\">Rennfahrer, Coach, Instruktor<\/div><\/div><\/div><\/div><\/div><\/div><div class=\"wpb_column vc_column_container\"><div class=\"vc_column-inner\"><div class=\"wpb_text_column\"><div class=\"wpb_wrapper\"><p>Ren\u00e9 Wolff est n\u00e9 en Alsace et vit depuis plus de 35 ans \u00e0 Cologne en Allemagne.<br \/>\nSa passion pour le sport automobile, et plus particuli\u00e8rement pour la Formule 1, a commenc\u00e9 d\u00e8s son plus jeune \u00e2ge.<\/p>\n<p>En <strong>1988<\/strong>, il a fond\u00e9 la premi\u00e8re agence offrant des activit\u00e9s hors du commun:<br \/>\nPiloter soi-m\u00eame une Formule 1. Pour tous, sans connaissances pr\u00e9alables.<br \/>\nAujourd&rsquo;hui encore, <strong>Formula Event<\/strong>, avec ses activit\u00e9s et ses programmes de voitures de course, est une adresse incontournable pour tous les amateurs de vitesse.<\/p>\n<p>En parall\u00e8le et en amateur, Ren\u00e9 Wolff a pu remporter le titre g\u00e9n\u00e9ral du VLN sur la Nordschleife. Il est ainsi devenu champion VLN \/ <strong>champion d&rsquo;endurance N\u00fcrburgring Nordschleife<\/strong> en 2004. Il est donc votre sp\u00e9cialiste lorsqu&rsquo;il s&rsquo;agit de tenter l&rsquo;aventure du N\u00fcrburgring Nordschleife.<\/p>\n<p>Sa motivation est n\u00e9e de sa passion pour le sport automobile et pour ce circuit exceptionnel tr\u00e8s \u00e9xigeant et unique au monde qu&rsquo;il a d\u00e9couvert avec <strong>James Hunt<\/strong>, le champion du monde F1.<\/p>\n<\/div><\/div><\/div><\/div><\/div><div class=\"w-separator size_large\"><\/div><\/div><\/div><\/div><\/div><\/section>\n","protected":false},"excerpt":{"rendered":"\u00c0 notre sujetRen\u00e9 WolffRennfahrer, Coach, InstruktorRen\u00e9 Wolff est n\u00e9 en Alsace et vit depuis plus de 35 ans \u00e0 Cologne en Allemagne. Sa passion pour le sport automobile, et plus particuli\u00e8rement pour la Formule 1, a commenc\u00e9 d\u00e8s son plus jeune \u00e2ge. En 1988, il a fond\u00e9 la premi\u00e8re agence offrant des activit\u00e9s hors du...","protected":false},"author":3,"featured_media":0,"parent":0,"menu_order":0,"comment_status":"closed","ping_status":"closed","template":"","meta":{"footnotes":""},"class_list":["post-14","page","type-page","status-publish","hentry"],"_links":{"self":[{"href":"https:\/\/formula-event.com\/fr\/wp-json\/wp\/v2\/pages\/14","targetHints":{"allow":["GET"]}}],"collection":[{"href":"https:\/\/formula-event.com\/fr\/wp-json\/wp\/v2\/pages"}],"about":[{"href":"https:\/\/formula-event.com\/fr\/wp-json\/wp\/v2\/types\/page"}],"author":[{"embeddable":true,"href":"https:\/\/formula-event.com\/fr\/wp-json\/wp\/v2\/users\/3"}],"replies":[{"embeddable":true,"href":"https:\/\/formula-event.com\/fr\/wp-json\/wp\/v2\/comments?post=14"}],"version-history":[{"count":48,"href":"https:\/\/formula-event.com\/fr\/wp-json\/wp\/v2\/pages\/14\/revisions"}],"predecessor-version":[{"id":628,"href":"https:\/\/formula-event.com\/fr\/wp-json\/wp\/v2\/pages\/14\/revisions\/628"}],"wp:attachment":[{"href":"https:\/\/formula-event.com\/fr\/wp-json\/wp\/v2\/media?parent=14"}],"curies":[{"name":"wp","href":"https:\/\/api.w.org\/{rel}","templated":true}]}}