{"id":2,"date":"2023-01-26T19:31:59","date_gmt":"2023-01-26T18:31:59","guid":{"rendered":"http:\/\/formula-event.com\/fr\/?page_id=2"},"modified":"2025-12-10T15:31:24","modified_gmt":"2025-12-10T14:31:24","slug":"startseite","status":"publish","type":"page","link":"https:\/\/formula-event.com\/fr\/","title":{"rendered":"Startseite"},"content":{"rendered":"<section class=\"l-section wpb_row us_custom_0bd7e7a8 height_auto width_full\"><div class=\"l-section-h i-cf\"><div class=\"g-cols vc_row via_grid cols_1 laptops-cols_inherit tablets-cols_inherit mobiles-cols_1 valign_top type_default stacking_default\"><div class=\"wpb_column vc_column_container\"><div class=\"vc_column-inner\">[layerslider_vc id=\u00a0\u00bb4&Prime;]<div class=\"w-separator size_medium\"><\/div><div class=\"wpb_text_column\"><div class=\"wpb_wrapper\"><h3 style=\"text-align: center;\">Exp\u00e9rience accessible \u00e0 toutes et tous. Le permis de conduire suffit. Pas de connaissances pr\u00e9alables n\u00e9cessaires.<br \/>\n<span style=\"font-family: 'Open Sans Bold';\">Bien install\u00e9 et solidement sangl\u00e9. Contact, <span style=\"white-space: nowrap;\">moteur et gaz.<\/span><br \/>\n<span style=\"font-family: 'Open Sans Bold';\">Tu d\u00e9termines ton rythme et ta vitesse\u2026 les sensations sont imm\u00e9diates\u00a0 !<br \/>\n<\/span><span style=\"font-family: 'Open Sans';\">Septi\u00e8me vitesse, plus de 300 km\/h<\/span><\/span><\/h3>\n<\/div><\/div><\/div><\/div><\/div><\/div><\/section><section class=\"l-section wpb_row height_small\"><div class=\"l-section-h i-cf\"><div class=\"g-cols vc_row via_grid cols_1 laptops-cols_inherit tablets-cols_inherit mobiles-cols_1 valign_top type_default stacking_default\"><div class=\"wpb_column vc_column_container\"><div class=\"vc_column-inner\"><div class=\"w-separator size_small\"><\/div><div class=\"wpb_text_column\"><div class=\"wpb_wrapper\"><div style=\"width: 1160px;\" class=\"wp-video\"><video class=\"wp-video-shortcode\" id=\"video-2-1\" width=\"1160\" height=\"653\" poster=\"https:\/\/formula-event.com\/fr\/wp-content\/uploads\/formel1selberfahren-startbild.png\" preload=\"metadata\" controls=\"controls\"><source type=\"video\/mp4\" src=\"https:\/\/formula-event.com\/fr\/wp-content\/uploads\/player_export-720.mp4?_=1\" \/><a href=\"https:\/\/formula-event.com\/fr\/wp-content\/uploads\/player_export-720.mp4\">https:\/\/formula-event.com\/fr\/wp-content\/uploads\/player_export-720.mp4<\/a><\/video><\/div>\n<\/div><\/div><div class=\"w-separator size_medium\"><\/div><div class=\"g-cols wpb_row via_grid cols_1 laptops-cols_inherit tablets-cols_inherit mobiles-cols_1 valign_top type_default stacking_default\" style=\"--gap:3rem;\"><div class=\"wpb_column vc_column_container\"><div class=\"vc_column-inner\"><div class=\"wpb_text_column\"><div class=\"wpb_wrapper\"><div style=\"text-align: center; font-weight: 400; font-size: max( 4rem); line-height: 1.0; font-family: Impact;\">Formula <span style=\"color: #2c4b9b;\">Event<\/span><\/div>\n<\/div><\/div><div class=\"w-separator size_custom\" style=\"height:10px\"><\/div><div class=\"wpb_text_column\"><div class=\"wpb_wrapper\"><h3 style=\"text-align: center;\">L&rsquo;original depuis 1988<\/h3>\n<\/div><\/div><\/div><\/div><\/div><div class=\"w-separator size_medium with_line width_default thick_1 style_solid color_border align_center\"><div class=\"w-separator-h\"><\/div><\/div><div class=\"g-cols wpb_row via_grid cols_3 laptops-cols_inherit tablets-cols_inherit mobiles-cols_1 valign_top type_default stacking_default\" style=\"--gap:1.4rem;\"><div class=\"wpb_column vc_column_container us_custom_6b7d9e5f\"><div class=\"vc_column-inner\"><div class=\"w-image us_custom_8f2ba1f4 us_animate_this align_none\"><a title=\"Formel 1 selber fahren\" href=\"https:\/\/formula-event.com\/fr\/piloter-une-formule-1\/\" aria-label=\"Williams GS\" class=\"w-image-h\"><img decoding=\"async\" width=\"1024\" height=\"576\" src=\"https:\/\/formula-event.com\/fr\/wp-content\/uploads\/Williams-GS_Header_2_16-9-1024x576.jpg\" class=\"attachment-medium size-medium\" alt=\"Williams GS\" loading=\"lazy\" srcset=\"https:\/\/formula-event.com\/fr\/wp-content\/uploads\/Williams-GS_Header_2_16-9-1024x576.jpg 1024w, https:\/\/formula-event.com\/fr\/wp-content\/uploads\/Williams-GS_Header_2_16-9.jpg 1920w\" sizes=\"auto, (max-width: 1024px) 100vw, 1024px\" \/><\/a><\/div><div class=\"w-separator size_small\"><\/div><div class=\"wpb_text_column us_custom_be67c5f5\"><div class=\"wpb_wrapper\"><h2>Piloter une Formule 1<\/h2>\n<\/div><\/div><div class=\"w-separator size_medium\"><\/div><div class=\"wpb_text_column us_custom_be67c5f5\"><div class=\"wpb_wrapper\"><h4>TON R\u00caVE LE PLUS RAPIDE<\/h4>\n<p>Piloter une vraie Formule 1 !<br \/>\nSur des <strong>circuits de Grand Prix<\/strong> !<br \/>\nPour tout un chacun, sans connaissances pr\u00e9alables. Un permis de conduire suffit, pas besoin de licence de course.<\/p>\n<p>Ou prendre place en passager dans une F1-Biplace ou <strong>Triplace<\/strong>. Full Speed avec un pro. Frissons garantis.<\/p>\n<p><strong>Depuis 1988<\/strong>, Formula Event d\u00e9veloppe ce programme de pilotage de F1 et en est le premier prestataire au monde avec une exp\u00e9rience \u00e9prouv\u00e9e.<\/p>\n<dl>\n<dt>\n<h4>PRIX:<\/h4>\n<\/dt>\n<dd style=\"text-align: right;\">\n<h4 style=\"text-transform: none;\">F1-Triplace \u00e0 partir de \u20ac\u00a0 \u00a0 390,&#8211;<br \/>\nF1-V8 \u00e0 partir de \u20ac 1.980,&#8211;<\/h4>\n<\/dd>\n<\/dl>\n<\/div><\/div><\/div><\/div><div class=\"wpb_column vc_column_container us_custom_6b7d9e5f\"><div class=\"vc_column-inner\"><div class=\"w-image us_custom_8f2ba1f4 us_animate_this has_ratio align_none\"><a title=\"Formel Rennfahrerschule\" href=\"https:\/\/formula-event.com\/fr\/stage-de-pilotage-monoplace\/\" aria-label=\"Formel Renault 2.0 Rennfahrerschule\" class=\"w-image-h\"><div style=\"padding-bottom:56.25%\"><\/div><img decoding=\"async\" width=\"351\" height=\"201\" src=\"https:\/\/formula-event.com\/fr\/wp-content\/uploads\/Formula_event_Rennfahrerschule_Formel_Renault_2.0_Rene_Wolff_HOME.jpg\" class=\"attachment-thumbnail size-thumbnail\" alt=\"Formel Renault 2.0 Rennfahrerschule\" loading=\"lazy\" \/><\/a><\/div><div class=\"w-separator size_small\"><\/div><div class=\"wpb_text_column us_custom_be67c5f5\"><div class=\"wpb_wrapper\"><h2>Stage de pilotage monoplace<\/h2>\n<\/div><\/div><div class=\"w-separator size_medium\"><\/div><div class=\"wpb_text_column us_custom_be67c5f5\"><div class=\"wpb_wrapper\"><h4>LES SECRETS DES PILOTES DE COURSE<\/h4>\n<p><strong>Piloter une monoplace<\/strong> de course moderne en toute s\u00e9curit\u00e9 signifie avant tout prendre du plaisir au volant et faire le plein d&rsquo;adr\u00e9naline.<\/p>\n<p>Nos instructeurs t&rsquo;accompagnent pendant un ou deux jours en Formule Renault 2.0.<br \/>\nChangement de vitesse avec <strong>palettes au volant<\/strong> et 215 CV. 260 km\/h en vitesse de pointe.<\/p>\n<p>De la d\u00e9couverte \u00e0 la pr\u00e9paration \u00e0 la course. <strong>L&rsquo;\u00e9cole des champions<\/strong> !<\/p>\n<dl style=\"margin-top: 96px;\">\n<dt>\n<h4>PRIX:<\/h4>\n<\/dt>\n<dd style=\"text-align: right;\">\n<h4 style=\"text-transform: none;\">\u00e0 partir de \u20ac 755,-<\/h4>\n<\/dd>\n<\/dl>\n<\/div><\/div><\/div><\/div><div class=\"wpb_column vc_column_container us_custom_6b7d9e5f\"><div class=\"vc_column-inner\"><div class=\"w-image us_custom_8f2ba1f4 us_animate_this has_ratio align_none\"><a title=\"N\u00fcrburgring Nordschleife\" href=\"https:\/\/formula-event.com\/fr\/nuerburgring-nordschleife\/\" aria-label=\"N\u00fcrburgring Nordschleife\" class=\"w-image-h\"><div style=\"padding-bottom:56.25%\"><\/div><img decoding=\"async\" width=\"552\" height=\"316\" src=\"https:\/\/formula-event.com\/fr\/wp-content\/uploads\/Formula_Event_Nuerburgring_Nuerburgring_Nordschleife_Experience_Coaching_Trainging_Trackday_Rennfahrertraining_Rene_Wolff.jpg\" class=\"attachment-large size-large\" alt=\"N\u00fcrburgring Nordschleife\" loading=\"lazy\" \/><\/a><\/div><div class=\"w-separator size_small\"><\/div><div class=\"wpb_text_column us_custom_be67c5f5\"><div class=\"wpb_wrapper\"><h2>N\u00fcrburgring Nordschleife<\/h2>\n<\/div><\/div><div class=\"w-separator size_medium\"><\/div><div class=\"wpb_text_column us_custom_be67c5f5\"><div class=\"wpb_wrapper\"><h4>L&rsquo;ENFER VERT<\/h4>\n<p>La <strong>Nordschleife<\/strong>, boucle nord, du N\u00fcrburgring, un ruban d&rsquo;asphalte de <strong>20,832 km<\/strong> qui se d\u00e9roule au c\u0153ur du massif montagneux de l&rsquo;Eifel. Le trac\u00e9 fascine et impressionne \u00e0 la fois.<\/p>\n<p>En passager dans un bolide de comp\u00e9tition ou en prenant personnellement le volant.<\/p>\n<p><strong>OSE !<\/strong><\/p>\n<dl style=\"margin-top: 144px;\">\n<dt>\n<h4>PRIX:<\/h4>\n<\/dt>\n<dd style=\"text-align: right;\">\n<h4 style=\"text-transform: none;\">\u00e0 partir de \u20ac 249,-<\/h4>\n<\/dd>\n<\/dl>\n<\/div><\/div><\/div><\/div><\/div><div class=\"w-separator size_large\"><\/div><\/div><\/div><\/div><\/div><\/section><section class=\"l-section wpb_row height_small\"><div class=\"l-section-h i-cf\"><div class=\"g-cols vc_row via_grid cols_1 laptops-cols_inherit tablets-cols_inherit mobiles-cols_1 valign_top type_default stacking_default\"><div class=\"wpb_column vc_column_container\"><div class=\"vc_column-inner\"><div class=\"g-cols wpb_row via_grid cols_2 laptops-cols_inherit tablets-cols_inherit mobiles-cols_1 valign_top type_default stacking_default\" style=\"--gap:3rem;\"><div class=\"wpb_column vc_column_container\"><div class=\"vc_column-inner\"><div class=\"w-separator size_small\"><\/div><div class=\"w-image us_custom_8f2ba1f4 us_animate_this has_ratio align_none\"><a title=\"Firmen Incentives\" href=\"https:\/\/formula-event.com\/fr\/evenements-societes\/\" aria-label=\"Heli + Offshore\" class=\"w-image-h\"><div style=\"padding-bottom:56.25%\"><\/div><img decoding=\"async\" width=\"800\" height=\"576\" src=\"https:\/\/formula-event.com\/fr\/wp-content\/uploads\/helioffshore-800x576.jpg\" class=\"attachment-thumbnail size-thumbnail\" alt=\"Helikopter + Offshore\" loading=\"lazy\" \/><\/a><\/div><div class=\"w-separator size_small\"><\/div><\/div><\/div><div class=\"wpb_column vc_column_container\"><div class=\"vc_column-inner\"><div class=\"w-separator size_small\"><\/div><div class=\"wpb_text_column us_custom_9af441a6\"><div class=\"wpb_wrapper\"><h2>\u00c9v\u00e9nements d&rsquo;entreprise \/ Incentives<\/h2>\n<\/div><\/div><div class=\"w-separator size_small\"><\/div><div class=\"wpb_text_column\"><div class=\"wpb_wrapper\"><p>Lorsqu&rsquo;il est question de MOTEUR, de SPORT et d&rsquo;ACTION, nous sommes votre <strong>prestataire sp\u00e9cialis\u00e9<\/strong>. Nous vous proposons de nombreux programmes que nous avons d\u00e9j\u00e0 ex\u00e9cut\u00e9s avec <strong>grand succ\u00e8s<\/strong> \u00e0 plusieurs reprises. Piloter soi-m\u00eame une voiture de course, \u00eatre copilote ou passager dans une voiture de course, participer \u00e0 une course de karting de 24 heures au Mans, d\u00e9couvrir la Laponie en motoneige, participer \u00e0 une r\u00e9gate de voile sur la C\u00f4te d&rsquo;Azur, vivre des aventures en montagne dans les Alpes, assister \u00e0 une course de Formule 1 \u00e0 Monaco ou prendre le volant d&rsquo;une voiture tout-terrain dans le d\u00e9sert.<\/p>\n<p>Nous <strong>personnalisons<\/strong> ces \u00e9v\u00e9nements exceptionnels en fonction de vos attentes.<\/p>\n<\/div><\/div><\/div><\/div><\/div><\/div><\/div><\/div><\/div><\/section><!-- Row Backgrounds --><div class=\"upb_color\" data-bg-override=\"0\" data-bg-color=\"#f5f5f5\" data-fadeout=\"\" data-fadeout-percentage=\"30\" data-parallax-content=\"\" data-parallax-content-sense=\"30\" data-row-effect-mobile-disable=\"true\" data-img-parallax-mobile-disable=\"true\" data-rtl=\"false\"  data-custom-vc-row=\"\"  data-vc=\"8.0\"  data-is_old_vc=\"\"  data-theme-support=\"\"   data-overlay=\"false\" data-overlay-color=\"\" data-overlay-pattern=\"\" data-overlay-pattern-opacity=\"\" data-overlay-pattern-size=\"\"    ><\/div>\n","protected":false},"excerpt":{"rendered":"[layerslider_vc id=\"4\"]Exp\u00e9rience accessible \u00e0 toutes et tous. Le permis de conduire suffit. Pas de connaissances pr\u00e9alables n\u00e9cessaires. Bien install\u00e9 et solidement sangl\u00e9. Contact, moteur et gaz. Tu d\u00e9termines ton rythme et ta vitesse\u2026 les sensations sont imm\u00e9diates\u00a0 ! Septi\u00e8me vitesse, plus de 300 km\/h https:\/\/formula-event.com\/fr\/wp-content\/uploads\/player_export-720.mp4 Formula Event L&rsquo;original depuis 1988 Piloter une Formule 1 TON...","protected":false},"author":3,"featured_media":0,"parent":0,"menu_order":0,"comment_status":"closed","ping_status":"closed","template":"","meta":{"footnotes":""},"class_list":["post-2","page","type-page","status-publish","hentry"],"_links":{"self":[{"href":"https:\/\/formula-event.com\/fr\/wp-json\/wp\/v2\/pages\/2","targetHints":{"allow":["GET"]}}],"collection":[{"href":"https:\/\/formula-event.com\/fr\/wp-json\/wp\/v2\/pages"}],"about":[{"href":"https:\/\/formula-event.com\/fr\/wp-json\/wp\/v2\/types\/page"}],"author":[{"embeddable":true,"href":"https:\/\/formula-event.com\/fr\/wp-json\/wp\/v2\/users\/3"}],"replies":[{"embeddable":true,"href":"https:\/\/formula-event.com\/fr\/wp-json\/wp\/v2\/comments?post=2"}],"version-history":[{"count":158,"href":"https:\/\/formula-event.com\/fr\/wp-json\/wp\/v2\/pages\/2\/revisions"}],"predecessor-version":[{"id":771,"href":"https:\/\/formula-event.com\/fr\/wp-json\/wp\/v2\/pages\/2\/revisions\/771"}],"wp:attachment":[{"href":"https:\/\/formula-event.com\/fr\/wp-json\/wp\/v2\/media?parent=2"}],"curies":[{"name":"wp","href":"https:\/\/api.w.org\/{rel}","templated":true}]}}