{"id":54,"date":"2023-01-26T21:10:10","date_gmt":"2023-01-26T20:10:10","guid":{"rendered":"https:\/\/formula-event.com\/fr\/?page_id=54"},"modified":"2023-07-01T17:22:52","modified_gmt":"2023-07-01T15:22:52","slug":"declaration-de-protection-des-donnees","status":"publish","type":"page","link":"https:\/\/formula-event.com\/fr\/declaration-de-protection-des-donnees\/","title":{"rendered":"D\u00e9claration de protection des donn\u00e9es"},"content":{"rendered":"<section class=\"l-section wpb_row height_small\"><div class=\"l-section-h i-cf\"><div class=\"g-cols vc_row via_grid cols_1 laptops-cols_inherit tablets-cols_inherit mobiles-cols_1 valign_top type_default stacking_default\"><div class=\"wpb_column vc_column_container\"><div class=\"vc_column-inner\"><div class=\"wpb_text_column\"><div class=\"wpb_wrapper\"><h1>D\u00e9claration de protection des donn\u00e9es<\/h1>\n<\/div><\/div><\/div><\/div><\/div><\/div><\/section><section class=\"l-section wpb_row height_small\"><div class=\"l-section-h i-cf\"><div class=\"g-cols vc_row via_grid cols_1 laptops-cols_inherit tablets-cols_inherit mobiles-cols_1 valign_top type_default stacking_default\"><div class=\"wpb_column vc_column_container\"><div class=\"vc_column-inner\"><div class=\"wpb_text_column\"><div class=\"wpb_wrapper\"><h3>Champ d&rsquo;application<\/h3>\n<p>La pr\u00e9sente d\u00e9claration de protection des donn\u00e9es a pour but d&rsquo;informer les utilisateurs de ce site Internet, conform\u00e9ment \u00e0 la loi f\u00e9d\u00e9rale sur la protection des donn\u00e9es et \u00e0 la loi sur les t\u00e9l\u00e9m\u00e9dias, sur la nature, l&rsquo;\u00e9tendue et le but de la collecte et de l&rsquo;utilisation des donn\u00e9es personnelles par l&rsquo;exploitant du site Internet.<\/p>\n<p>L&rsquo;exploitant du site prend votre protection des donn\u00e9es tr\u00e8s au s\u00e9rieux et traite vos donn\u00e9es personnelles de mani\u00e8re confidentielle et conform\u00e9ment aux dispositions l\u00e9gales.<br \/>\nVeuillez noter que la transmission de donn\u00e9es sur Internet peut pr\u00e9senter des failles de s\u00e9curit\u00e9. Une protection totale contre l&rsquo;acc\u00e8s par des tiers n&rsquo;est pas r\u00e9alisable.<\/p>\n<h3 style=\"margin-top: 40px;\">Donn\u00e9es d&rsquo;acc\u00e8s<\/h3>\n<p>L&rsquo;exploitant du site web ou le fournisseur de la page collecte des donn\u00e9es sur les acc\u00e8s \u00e0 la page et les enregistre en tant que \u00a0\u00bb Server-Logfiles \u00ab\u00a0. Les donn\u00e9es suivantes sont ainsi consign\u00e9es:<\/p>\n<ul>\n<li>Site web visit\u00e9<\/li>\n<li>Heure au moment de l&rsquo;acc\u00e8s<\/li>\n<li>Quantit\u00e9 de donn\u00e9es envoy\u00e9es en bytes<\/li>\n<li>Source\/renvoi \u00e0 partir duquel vous avez acc\u00e9d\u00e9 \u00e0 la page<\/li>\n<li>Navigateur utilis\u00e9<\/li>\n<li>Syst\u00e8me d&rsquo;exploitation utilis\u00e9<\/li>\n<\/ul>\n<p>Les donn\u00e9es collect\u00e9es servent uniquement \u00e0 des \u00e9valuations statistiques et \u00e0 l&rsquo;am\u00e9lioration du site web. L&rsquo;exploitant du site web se r\u00e9serve toutefois le droit de v\u00e9rifier ult\u00e9rieurement les fichiers journaux du serveur si des indices concrets devaient indiquer une utilisation ill\u00e9gale.<\/p>\n<h3 style=\"margin-top: 40px;\">Formulaires de contact<\/h3>\n<p>Pour des raisons de s\u00e9curit\u00e9 et pour prot\u00e9ger la transmission de contenus confidentiels, comme par exemple les demandes que vous nous envoyez en tant qu&rsquo;exploitant du site, ce site utilise un cryptage avec TLS. Vous reconnaissez une connexion crypt\u00e9e au fait que la ligne d&rsquo;adresse du navigateur passe de \u00ab\u00a0http:\/\/\u00a0\u00bb \u00e0 \u00ab\u00a0https:\/\/\u00a0\u00bb et au symbole du cadenas dans la ligne de votre navigateur.<\/p>\n<p>Si vous nous envoyez des demandes par le biais du formulaire de contact, vos donn\u00e9es du formulaire de demande, y compris les donn\u00e9es de contact que vous y avez indiqu\u00e9es, sont enregistr\u00e9es chez nous \u00e0 des fins de traitement de la demande et en cas de questions de suivi. Nous ne transmettons pas ces donn\u00e9es sans votre consentement.<\/p>\n<\/div><\/div><\/div><\/div><\/div><\/div><\/section><section class=\"l-section wpb_row height_small\"><div class=\"l-section-h i-cf\"><div class=\"g-cols vc_row via_grid cols_1 laptops-cols_inherit tablets-cols_inherit mobiles-cols_1 valign_top type_default stacking_default\"><div class=\"wpb_column vc_column_container\"><div class=\"vc_column-inner\"><div class=\"w-separator size_medium\"><\/div><\/div><\/div><\/div><\/div><\/section>\n","protected":false},"excerpt":{"rendered":"D\u00e9claration de protection des donn\u00e9es Champ d&rsquo;application La pr\u00e9sente d\u00e9claration de protection des donn\u00e9es a pour but d&rsquo;informer les utilisateurs de ce site Internet, conform\u00e9ment \u00e0 la loi f\u00e9d\u00e9rale sur la protection des donn\u00e9es et \u00e0 la loi sur les t\u00e9l\u00e9m\u00e9dias, sur la nature, l&rsquo;\u00e9tendue et le but de la collecte et de l&rsquo;utilisation des...","protected":false},"author":3,"featured_media":0,"parent":0,"menu_order":0,"comment_status":"closed","ping_status":"closed","template":"","meta":{"footnotes":""},"class_list":["post-54","page","type-page","status-publish","hentry"],"_links":{"self":[{"href":"https:\/\/formula-event.com\/fr\/wp-json\/wp\/v2\/pages\/54","targetHints":{"allow":["GET"]}}],"collection":[{"href":"https:\/\/formula-event.com\/fr\/wp-json\/wp\/v2\/pages"}],"about":[{"href":"https:\/\/formula-event.com\/fr\/wp-json\/wp\/v2\/types\/page"}],"author":[{"embeddable":true,"href":"https:\/\/formula-event.com\/fr\/wp-json\/wp\/v2\/users\/3"}],"replies":[{"embeddable":true,"href":"https:\/\/formula-event.com\/fr\/wp-json\/wp\/v2\/comments?post=54"}],"version-history":[{"count":4,"href":"https:\/\/formula-event.com\/fr\/wp-json\/wp\/v2\/pages\/54\/revisions"}],"predecessor-version":[{"id":575,"href":"https:\/\/formula-event.com\/fr\/wp-json\/wp\/v2\/pages\/54\/revisions\/575"}],"wp:attachment":[{"href":"https:\/\/formula-event.com\/fr\/wp-json\/wp\/v2\/media?parent=54"}],"curies":[{"name":"wp","href":"https:\/\/api.w.org\/{rel}","templated":true}]}}