{"id":65,"date":"2023-01-26T21:49:34","date_gmt":"2023-01-26T20:49:34","guid":{"rendered":"https:\/\/formula-event.com\/fr\/?page_id=65"},"modified":"2025-12-19T17:35:54","modified_gmt":"2025-12-19T16:35:54","slug":"piloter-une-formule-1","status":"publish","type":"page","link":"https:\/\/formula-event.com\/fr\/piloter-une-formule-1\/","title":{"rendered":"Piloter une Formule 1"},"content":{"rendered":"<section class=\"l-section wpb_row height_small\"><div class=\"l-section-h i-cf\"><div class=\"g-cols vc_row via_grid cols_1 laptops-cols_inherit tablets-cols_inherit mobiles-cols_1 valign_top type_default stacking_default\"><div class=\"wpb_column vc_column_container\"><div class=\"vc_column-inner\"><div class=\"wpb_text_column\"><div class=\"wpb_wrapper\"><h1>Piloter une Formule 1<\/h1>\n<\/div><\/div><div class=\"w-separator size_small\"><\/div><div class=\"wpb_text_column\"><div class=\"wpb_wrapper\"><div style=\"width: 1160px;\" class=\"wp-video\"><video class=\"wp-video-shortcode\" id=\"video-65-1\" width=\"1160\" height=\"653\" poster=\"https:\/\/formula-event.com\/fr\/wp-content\/uploads\/juergen-jansen-f1-startbild.png\" preload=\"metadata\" controls=\"controls\"><source type=\"video\/mp4\" src=\"https:\/\/formula-event.com\/fr\/wp-content\/uploads\/juergen-jansen-f1.mp4?_=1\" \/><a href=\"https:\/\/formula-event.com\/fr\/wp-content\/uploads\/juergen-jansen-f1.mp4\">https:\/\/formula-event.com\/fr\/wp-content\/uploads\/juergen-jansen-f1.mp4<\/a><\/video><\/div>\n<\/div><\/div><div class=\"w-separator size_small\"><\/div><div class=\"wpb_text_column\"><div class=\"wpb_wrapper\"><pre style=\"text-align: center;\"><strong>PROCHAINES DATES: \r\n<\/strong>Samedi 11 et Dimanche 12 avril 2026 \u00e0 Magny-Cours\/F<strong>\r\nTous les circuits et les dates sont disponibles sur tarifs &amp; dates 2026<\/strong><\/pre>\n<p><strong>Formula Event<\/strong> dispose de <strong>10 monoplaces de Formule 1<\/strong> ainsi que d\u2019une Formule 1 biplace \/ triplace et 10 monoplaces de Formule Renault 2.0. Une s\u00e9lection est \u00e0 ta disposition sur les plus beaux et les plus prestigieux <strong>circuits de Grand Prix<\/strong> d&rsquo;Europe. Barcelone, Portimao, Paul-Ricard, Magny-Cours, Dijon-Prenois&#8230;<br \/>\nAvec l&rsquo;arrangement <strong>Premium+<\/strong>, outre bon nombre de prestations suppl\u00e9mentaires, tu b\u00e9n\u00e9ficie de toute l\u2019attention d\u2019un coach agr\u00e9\u00e9.<\/p>\n<\/div><\/div><div class=\"w-separator size_small\"><\/div><div class=\"wpb_text_column\"><div class=\"wpb_wrapper\"><p>Tu trouveras ici les informations les plus r\u00e9centes (sous forme de document PDF) sur les activit\u00e9s. N&rsquo;h\u00e9site pas \u00e0 nous contacter directement si tu as des questions \u00e0 poser. Nous nous ferons un plaisir de te r\u00e9pondre dans les plus brefs d\u00e9lais.<\/p>\n<\/div><\/div><div class=\"w-separator size_small\"><\/div><div class=\"g-cols wpb_row via_grid cols_4 laptops-cols_inherit tablets-cols_inherit mobiles-cols_1 valign_top type_default stacking_default\" style=\"--gap:3rem;\"><div class=\"wpb_column vc_column_container\"><div class=\"vc_column-inner\"><div class=\"w-btn-wrapper align_none\"><a class=\"w-btn us-btn-style_1\" target=\"_blank\" rel=\"nofollow\" href=\"https:\/\/formula-event.com\/fr\/wp-content\/uploads\/2026-F1-FR2-PROGR.pdf\"><span class=\"w-btn-label\">Tarifs &amp; dates 2026<\/span><\/a><\/div><\/div><\/div><div class=\"wpb_column vc_column_container\"><div class=\"vc_column-inner\"><div class=\"w-btn-wrapper align_none\"><a class=\"w-btn us-btn-style_1\" target=\"_blank\" rel=\"nofollow\" href=\"https:\/\/formula-event.com\/fr\/wp-content\/uploads\/2026-F1-FR1-Inscription.pdf\"><span class=\"w-btn-label\">Bulletin d\u2019inscription &rsquo;26<\/span><\/a><\/div><\/div><\/div><div class=\"wpb_column vc_column_container\"><div class=\"vc_column-inner\"><\/div><\/div><div class=\"wpb_column vc_column_container\"><div class=\"vc_column-inner\"><\/div><\/div><\/div><div class=\"w-separator size_medium\"><\/div><\/div><\/div><\/div><\/div><\/section>\n","protected":false},"excerpt":{"rendered":"Piloter une Formule 1 https:\/\/formula-event.com\/fr\/wp-content\/uploads\/juergen-jansen-f1.mp4 PROCHAINES DATES: Samedi 11 et Dimanche 12 avril 2026 \u00e0 Magny-Cours\/F Tous les circuits et les dates sont disponibles sur tarifs &amp; dates 2026 Formula Event dispose de 10 monoplaces de Formule 1 ainsi que d\u2019une Formule 1 biplace \/ triplace et 10 monoplaces de Formule Renault 2.0. Une s\u00e9lection...","protected":false},"author":3,"featured_media":0,"parent":0,"menu_order":0,"comment_status":"closed","ping_status":"closed","template":"","meta":{"footnotes":""},"class_list":["post-65","page","type-page","status-publish","hentry"],"_links":{"self":[{"href":"https:\/\/formula-event.com\/fr\/wp-json\/wp\/v2\/pages\/65","targetHints":{"allow":["GET"]}}],"collection":[{"href":"https:\/\/formula-event.com\/fr\/wp-json\/wp\/v2\/pages"}],"about":[{"href":"https:\/\/formula-event.com\/fr\/wp-json\/wp\/v2\/types\/page"}],"author":[{"embeddable":true,"href":"https:\/\/formula-event.com\/fr\/wp-json\/wp\/v2\/users\/3"}],"replies":[{"embeddable":true,"href":"https:\/\/formula-event.com\/fr\/wp-json\/wp\/v2\/comments?post=65"}],"version-history":[{"count":48,"href":"https:\/\/formula-event.com\/fr\/wp-json\/wp\/v2\/pages\/65\/revisions"}],"predecessor-version":[{"id":774,"href":"https:\/\/formula-event.com\/fr\/wp-json\/wp\/v2\/pages\/65\/revisions\/774"}],"wp:attachment":[{"href":"https:\/\/formula-event.com\/fr\/wp-json\/wp\/v2\/media?parent=65"}],"curies":[{"name":"wp","href":"https:\/\/api.w.org\/{rel}","templated":true}]}}