{"id":67,"date":"2023-01-26T21:49:55","date_gmt":"2023-01-26T20:49:55","guid":{"rendered":"https:\/\/formula-event.com\/fr\/?page_id=67"},"modified":"2025-12-02T15:20:51","modified_gmt":"2025-12-02T14:20:51","slug":"stage-de-pilotage-monoplace","status":"publish","type":"page","link":"https:\/\/formula-event.com\/fr\/stage-de-pilotage-monoplace\/","title":{"rendered":"Stage de pilotage monoplace"},"content":{"rendered":"<section class=\"l-section wpb_row height_small\"><div class=\"l-section-h i-cf\"><div class=\"g-cols vc_row via_grid cols_1 laptops-cols_inherit tablets-cols_inherit mobiles-cols_1 valign_top type_default stacking_default\"><div class=\"wpb_column vc_column_container\"><div class=\"vc_column-inner\"><div class=\"wpb_text_column\"><div class=\"wpb_wrapper\"><h1>Stage de pilotage monoplace<\/h1>\n<\/div><\/div><div class=\"w-separator size_small\"><\/div><div class=\"wpb_text_column\"><div class=\"wpb_wrapper\"><div style=\"width: 1160px;\" class=\"wp-video\"><video class=\"wp-video-shortcode\" id=\"video-67-1\" width=\"1160\" height=\"653\" poster=\"https:\/\/formula-event.com\/fr\/wp-content\/uploads\/rennfahrerschule-startbild.png\" preload=\"metadata\" controls=\"controls\"><source type=\"video\/mp4\" src=\"https:\/\/formula-event.com\/fr\/wp-content\/uploads\/rennfahrerschule-720.mp4?_=1\" \/><a href=\"https:\/\/formula-event.com\/fr\/wp-content\/uploads\/rennfahrerschule-720.mp4\">https:\/\/formula-event.com\/fr\/wp-content\/uploads\/rennfahrerschule-720.mp4<\/a><\/video><\/div>\n<\/div><\/div><div class=\"w-separator size_small\"><\/div><div class=\"wpb_text_column\"><div class=\"wpb_wrapper\"><p>LES SECRETS DES PILOTES DE COURSE<\/p>\n<p>Une <strong>Formule Renault 2.0<\/strong> est un monoplace efficace et rapide. Son apprentissage va d&rsquo;une premi\u00e8re d\u00e9couverte \u00e0 une pr\u00e9paration \u00e0 la course en passant par un entra\u00eenement intensif de perfectionnement. N&rsquo;h\u00e9site pas \u00e0 nous contacter pour une \u00e9valuation avec des conseils directs et personnalis\u00e9s.<\/p>\n<p><em><strong>La meilleure \u00e9cole de pilotage monoplace en Europe<\/strong><\/em>\u00a0: Ren\u00e9 Wolff, champion VLN 2004, instructeur licenci\u00e9. De nombreux champions actuels se sont distingu\u00e9s dans cette discipline du sport automobile. Profite de notre exp\u00e9rience incomparable <strong>de plus de 35 ann\u00e9es<\/strong>. Sept monoplaces de Formule Renault 2.0 sont \u00e0 ta disposition sur les plus beaux circuits.<\/p>\n<p>Tu trouveras ici les informations les plus r\u00e9centes sous forme de document PDF concernant les diff\u00e9rentes activit\u00e9s.<\/p>\n<pre>Dates 2026 en ligne.\r\nR\u00e9serve d\u00e8s aujourd'hui tes... exc\u00e8s d'\u00e9motions!<\/pre>\n<\/div><\/div><div class=\"w-separator size_small\"><\/div><div class=\"g-cols wpb_row via_grid cols_4 laptops-cols_inherit tablets-cols_inherit mobiles-cols_1 valign_top type_default stacking_default\" style=\"--gap:3rem;\"><div class=\"wpb_column vc_column_container\"><div class=\"vc_column-inner\"><div class=\"w-btn-wrapper align_none\"><a class=\"w-btn us-btn-style_1\" target=\"_blank\" rel=\"nofollow\" href=\"https:\/\/formula-event.com\/fr\/wp-content\/uploads\/2026-EF-FR2.0-FR1-PROGRAMME.pdf\"><span class=\"w-btn-label\">Tarifs &amp; dates 2026<\/span><\/a><\/div><\/div><\/div><div class=\"wpb_column vc_column_container\"><div class=\"vc_column-inner\"><div class=\"w-btn-wrapper align_none\"><a class=\"w-btn us-btn-style_1\" target=\"_blank\" rel=\"nofollow\" href=\"https:\/\/formula-event.com\/fr\/wp-content\/uploads\/2026-EF-FR2.0-FR1-Inscription.pdf\"><span class=\"w-btn-label\">Bulletin d\u2019inscription &rsquo;26<\/span><\/a><\/div><\/div><\/div><div class=\"wpb_column vc_column_container\"><div class=\"vc_column-inner\"><\/div><\/div><div class=\"wpb_column vc_column_container\"><div class=\"vc_column-inner\"><\/div><\/div><\/div><div class=\"w-separator size_medium\"><\/div><\/div><\/div><\/div><\/div><\/section>\n","protected":false},"excerpt":{"rendered":"Stage de pilotage monoplace https:\/\/formula-event.com\/fr\/wp-content\/uploads\/rennfahrerschule-720.mp4 LES SECRETS DES PILOTES DE COURSE Une Formule Renault 2.0 est un monoplace efficace et rapide. Son apprentissage va d&rsquo;une premi\u00e8re d\u00e9couverte \u00e0 une pr\u00e9paration \u00e0 la course en passant par un entra\u00eenement intensif de perfectionnement. N&rsquo;h\u00e9site pas \u00e0 nous contacter pour une \u00e9valuation avec des conseils directs et personnalis\u00e9s....","protected":false},"author":3,"featured_media":0,"parent":0,"menu_order":0,"comment_status":"closed","ping_status":"closed","template":"","meta":{"footnotes":""},"class_list":["post-67","page","type-page","status-publish","hentry"],"_links":{"self":[{"href":"https:\/\/formula-event.com\/fr\/wp-json\/wp\/v2\/pages\/67","targetHints":{"allow":["GET"]}}],"collection":[{"href":"https:\/\/formula-event.com\/fr\/wp-json\/wp\/v2\/pages"}],"about":[{"href":"https:\/\/formula-event.com\/fr\/wp-json\/wp\/v2\/types\/page"}],"author":[{"embeddable":true,"href":"https:\/\/formula-event.com\/fr\/wp-json\/wp\/v2\/users\/3"}],"replies":[{"embeddable":true,"href":"https:\/\/formula-event.com\/fr\/wp-json\/wp\/v2\/comments?post=67"}],"version-history":[{"count":33,"href":"https:\/\/formula-event.com\/fr\/wp-json\/wp\/v2\/pages\/67\/revisions"}],"predecessor-version":[{"id":764,"href":"https:\/\/formula-event.com\/fr\/wp-json\/wp\/v2\/pages\/67\/revisions\/764"}],"wp:attachment":[{"href":"https:\/\/formula-event.com\/fr\/wp-json\/wp\/v2\/media?parent=67"}],"curies":[{"name":"wp","href":"https:\/\/api.w.org\/{rel}","templated":true}]}}