{"id":69,"date":"2023-01-26T21:50:12","date_gmt":"2023-01-26T20:50:12","guid":{"rendered":"https:\/\/formula-event.com\/fr\/?page_id=69"},"modified":"2026-01-31T16:23:54","modified_gmt":"2026-01-31T15:23:54","slug":"nuerburgring-nordschleife","status":"publish","type":"page","link":"https:\/\/formula-event.com\/fr\/nuerburgring-nordschleife\/","title":{"rendered":"N\u00fcrburgring Nordschleife"},"content":{"rendered":"<section class=\"l-section wpb_row height_small\"><div class=\"l-section-h i-cf\"><div class=\"g-cols vc_row via_grid cols_1 laptops-cols_inherit tablets-cols_inherit mobiles-cols_1 valign_top type_default stacking_default\"><div class=\"wpb_column vc_column_container\"><div class=\"vc_column-inner\"><div class=\"wpb_text_column\"><div class=\"wpb_wrapper\"><h1>N\u00fcrburgring Nordschleife<\/h1>\n<\/div><\/div><div class=\"w-separator size_small\"><\/div><div class=\"wpb_text_column\"><div class=\"wpb_wrapper\"><div style=\"width: 1160px;\" class=\"wp-video\"><video class=\"wp-video-shortcode\" id=\"video-69-1\" width=\"1160\" height=\"653\" poster=\"https:\/\/formula-event.com\/fr\/wp-content\/uploads\/carroussel-startbild.png\" preload=\"metadata\" controls=\"controls\"><source type=\"video\/mp4\" src=\"https:\/\/formula-event.com\/fr\/wp-content\/uploads\/carroussel-720.mp4?_=1\" \/><a href=\"https:\/\/formula-event.com\/fr\/wp-content\/uploads\/carroussel-720.mp4\">https:\/\/formula-event.com\/fr\/wp-content\/uploads\/carroussel-720.mp4<\/a><\/video><\/div>\n<\/div><\/div><div class=\"w-separator size_small\"><\/div><div class=\"wpb_text_column\"><div class=\"wpb_wrapper\"><p>Pour te familiariser avec cet environnement inhabituel, fais tes premiers pas avec l&rsquo;exp\u00e9rience d&rsquo;un <strong>coach professionnel<\/strong> \u00e0 tes c\u00f4t\u00e9s&#8230; <strong>OSE !<\/strong><\/p>\n<p><strong>Ren\u00e9 Wolff<\/strong> Champion VLN 2004 et moniteur agr\u00e9\u00e9 pour la comp\u00e9tition. L&rsquo;EXP\u00c9RIENCE D&rsquo;UN INITI\u00c9.<br \/>\nIl est <strong>ton sp\u00e9cialiste<\/strong> lorsqu&rsquo;il s&rsquo;agit de tenter l&rsquo;aventure de la <strong>Nordschleife du N\u00fcrburgring<\/strong>. Sa motivation est n\u00e9e de sa passion pour le sport automobile et pour ce circuit exceptionnel et particuli\u00e8rement exigeant.<\/p>\n<p>Nous t&rsquo;invitons \u00e0 en faire l&rsquo;exp\u00e9rience avec lui et <strong>sa m\u00e9thode<\/strong> qu&rsquo;il a \u00e9labor\u00e9e sur la base de 20 ans de course sur la Nordschleife.<\/p>\n<p>Tu trouveras ici les informations les plus r\u00e9centes sous forme de document PDF concernant les diff\u00e9rentes activit\u00e9s.<\/p>\n<pre>Dates 2026 en ligne. OSE l'enfer vert !<\/pre>\n<\/div><\/div><div class=\"w-separator size_small\"><\/div><div class=\"g-cols wpb_row via_grid cols_4 laptops-cols_inherit tablets-cols_inherit mobiles-cols_1 valign_top type_default stacking_default\" style=\"--gap:3rem;\"><div class=\"wpb_column vc_column_container has-link\"><div class=\"vc_column-inner\"><div class=\"w-btn-wrapper align_none\"><a class=\"w-btn us-btn-style_1\" target=\"_blank\" rel=\"nofollow\" href=\"https:\/\/formula-event.com\/fr\/wp-content\/uploads\/2025-NN-FR2-PROGRAMME.pdf\"><span class=\"w-btn-label\">Tarifs &amp; dates 2026<\/span><\/a><\/div><\/div><a href=\"https:\/\/formula-event.com\/fr\/wp-content\/uploads\/2026-NN-FR2-PROGRAMME.pdf\" class=\"vc_column-link smooth-scroll\" aria-label=\"Lien\"><\/a><\/div><div class=\"wpb_column vc_column_container has-link\"><div class=\"vc_column-inner\"><div class=\"w-btn-wrapper align_none\"><a class=\"w-btn us-btn-style_1\" target=\"_blank\" rel=\"nofollow\" href=\"https:\/\/formula-event.com\/fr\/wp-content\/uploads\/2025-NN-FR1-Inscription.pdf\"><span class=\"w-btn-label\">Bulletin d\u2019inscription &rsquo;26<\/span><\/a><\/div><\/div><a href=\"https:\/\/formula-event.com\/fr\/wp-content\/uploads\/2026-NN-FR1-Inscription.pdf\" class=\"vc_column-link smooth-scroll\" aria-label=\"Lien\"><\/a><\/div><div class=\"wpb_column vc_column_container\"><div class=\"vc_column-inner\"><\/div><\/div><div class=\"wpb_column vc_column_container\"><div class=\"vc_column-inner\"><\/div><\/div><\/div><div class=\"w-separator size_medium\"><\/div><\/div><\/div><\/div><\/div><\/section>\n","protected":false},"excerpt":{"rendered":"N\u00fcrburgring Nordschleife https:\/\/formula-event.com\/fr\/wp-content\/uploads\/carroussel-720.mp4 Pour te familiariser avec cet environnement inhabituel, fais tes premiers pas avec l&rsquo;exp\u00e9rience d&rsquo;un coach professionnel \u00e0 tes c\u00f4t\u00e9s&#8230; OSE ! Ren\u00e9 Wolff Champion VLN 2004 et moniteur agr\u00e9\u00e9 pour la comp\u00e9tition. L&rsquo;EXP\u00c9RIENCE D&rsquo;UN INITI\u00c9. Il est ton sp\u00e9cialiste lorsqu&rsquo;il s&rsquo;agit de tenter l&rsquo;aventure de la Nordschleife du N\u00fcrburgring. Sa motivation est...","protected":false},"author":3,"featured_media":0,"parent":0,"menu_order":0,"comment_status":"closed","ping_status":"closed","template":"","meta":{"footnotes":""},"class_list":["post-69","page","type-page","status-publish","hentry"],"_links":{"self":[{"href":"https:\/\/formula-event.com\/fr\/wp-json\/wp\/v2\/pages\/69","targetHints":{"allow":["GET"]}}],"collection":[{"href":"https:\/\/formula-event.com\/fr\/wp-json\/wp\/v2\/pages"}],"about":[{"href":"https:\/\/formula-event.com\/fr\/wp-json\/wp\/v2\/types\/page"}],"author":[{"embeddable":true,"href":"https:\/\/formula-event.com\/fr\/wp-json\/wp\/v2\/users\/3"}],"replies":[{"embeddable":true,"href":"https:\/\/formula-event.com\/fr\/wp-json\/wp\/v2\/comments?post=69"}],"version-history":[{"count":29,"href":"https:\/\/formula-event.com\/fr\/wp-json\/wp\/v2\/pages\/69\/revisions"}],"predecessor-version":[{"id":781,"href":"https:\/\/formula-event.com\/fr\/wp-json\/wp\/v2\/pages\/69\/revisions\/781"}],"wp:attachment":[{"href":"https:\/\/formula-event.com\/fr\/wp-json\/wp\/v2\/media?parent=69"}],"curies":[{"name":"wp","href":"https:\/\/api.w.org\/{rel}","templated":true}]}}