{"id":77,"date":"2023-01-26T21:52:32","date_gmt":"2023-01-26T20:52:32","guid":{"rendered":"https:\/\/formula-event.com\/fr\/?page_id=77"},"modified":"2023-10-17T20:10:38","modified_gmt":"2023-10-17T18:10:38","slug":"evenements-societes","status":"publish","type":"page","link":"https:\/\/formula-event.com\/fr\/evenements-societes\/","title":{"rendered":"\u00c9v\u00e9nements soci\u00e9t\u00e9s"},"content":{"rendered":"<section class=\"l-section wpb_row height_small\"><div class=\"l-section-h i-cf\"><div class=\"g-cols vc_row via_grid cols_1 laptops-cols_inherit tablets-cols_inherit mobiles-cols_1 valign_top type_default stacking_default\"><div class=\"wpb_column vc_column_container\"><div class=\"vc_column-inner\"><div class=\"wpb_text_column\"><div class=\"wpb_wrapper\"><h1>\u00c9v\u00e9nements soci\u00e9t\u00e9s<\/h1>\n<\/div><\/div><div class=\"w-separator size_medium\"><\/div><div class=\"g-cols wpb_row via_grid cols_2 laptops-cols_inherit tablets-cols_inherit mobiles-cols_1 valign_top type_default stacking_default\" style=\"--gap:3rem;\"><div class=\"wpb_column vc_column_container\"><div class=\"vc_column-inner\"><div class=\"w-image has_ratio align_none\"><div class=\"w-image-h\"><div style=\"padding-bottom:56.25%\"><\/div><img decoding=\"async\" width=\"1160\" height=\"653\" src=\"https:\/\/formula-event.com\/fr\/wp-content\/uploads\/JEEP-MAROC.jpg\" class=\"attachment-large size-large\" alt=\"Firmenevents, Jeeps in Morocco\" loading=\"lazy\" \/><\/div><\/div><\/div><\/div><div class=\"wpb_column vc_column_container us_custom_9ffe0c27\"><div class=\"vc_column-inner\"><div class=\"wpb_text_column\"><div class=\"wpb_wrapper\"><p>Autant de <strong>programmes<\/strong> que nous avons d\u00e9j\u00e0 <strong>r\u00e9alis\u00e9s avec succ\u00e8s<\/strong> et \u00e0 plusieurs reprises avec des entreprises de renom:<\/p>\n<ul>\n<li>Piloter soi-m\u00eame une voiture de course<\/li>\n<li>Co-pilote\/passager dans une voiture de course<\/li>\n<li>24 heures de course de karting au Mans Laponie en motoneige<\/li>\n<li>Laponie en motoneige<\/li>\n<li>R\u00e9gate de voile sur la C\u00f4te d&rsquo;Azur<\/li>\n<li>Aventures et sensations en montagne dans les Alpes<\/li>\n<li>Assister \u00e0 un Grand-Prix de Formule 1 \u00e0 Monaco<\/li>\n<li>Au volant d&rsquo;une voiture tout-terrain et 4&#215;4 dans le d\u00e9sert<\/li>\n<\/ul>\n<\/div><\/div><\/div><\/div><\/div><div class=\"w-separator size_medium\"><\/div><div class=\"wpb_text_column\"><div class=\"wpb_wrapper\"><p>Programmes \/ Cotations \/ Dates = Devis individuel sur demande<\/p>\n<\/div><\/div><div class=\"w-separator size_medium\"><\/div><\/div><\/div><\/div><\/div><\/section>\n","protected":false},"excerpt":{"rendered":"\u00c9v\u00e9nements soci\u00e9t\u00e9s Autant de programmes que nous avons d\u00e9j\u00e0 r\u00e9alis\u00e9s avec succ\u00e8s et \u00e0 plusieurs reprises avec des entreprises de renom: Piloter soi-m\u00eame une voiture de course Co-pilote\/passager dans une voiture de course 24 heures de course de karting au Mans Laponie en motoneige Laponie en motoneige R\u00e9gate de voile sur la C\u00f4te d&rsquo;Azur Aventures...","protected":false},"author":3,"featured_media":0,"parent":0,"menu_order":0,"comment_status":"closed","ping_status":"closed","template":"","meta":{"footnotes":""},"class_list":["post-77","page","type-page","status-publish","hentry"],"_links":{"self":[{"href":"https:\/\/formula-event.com\/fr\/wp-json\/wp\/v2\/pages\/77","targetHints":{"allow":["GET"]}}],"collection":[{"href":"https:\/\/formula-event.com\/fr\/wp-json\/wp\/v2\/pages"}],"about":[{"href":"https:\/\/formula-event.com\/fr\/wp-json\/wp\/v2\/types\/page"}],"author":[{"embeddable":true,"href":"https:\/\/formula-event.com\/fr\/wp-json\/wp\/v2\/users\/3"}],"replies":[{"embeddable":true,"href":"https:\/\/formula-event.com\/fr\/wp-json\/wp\/v2\/comments?post=77"}],"version-history":[{"count":22,"href":"https:\/\/formula-event.com\/fr\/wp-json\/wp\/v2\/pages\/77\/revisions"}],"predecessor-version":[{"id":646,"href":"https:\/\/formula-event.com\/fr\/wp-json\/wp\/v2\/pages\/77\/revisions\/646"}],"wp:attachment":[{"href":"https:\/\/formula-event.com\/fr\/wp-json\/wp\/v2\/media?parent=77"}],"curies":[{"name":"wp","href":"https:\/\/api.w.org\/{rel}","templated":true}]}}